{"id":902,"date":"2025-11-06T07:49:51","date_gmt":"2025-11-06T07:49:51","guid":{"rendered":"https:\/\/dumy.oasoslouny.cz\/?page_id=902"},"modified":"2025-11-06T07:49:51","modified_gmt":"2025-11-06T07:49:51","slug":"sada_33-cizojazycna-gramatika","status":"publish","type":"page","link":"https:\/\/dumy.oasoslouny.cz\/?page_id=902","title":{"rendered":"sada_33-Cizojazy\u010dn\u00e1 gramatika"},"content":{"rendered":"<p><a href=\"http:\/\/dumy.oasoslouny.cz\/wp-content\/uploads\/2025\/11\/3.2_33_01-Slovesa-se-zmenou-kmenove-samohlasky-ve-spanelstine.doc\">3.2_33_01-Slovesa se zm\u011bnou kmenov\u00e9 samohl\u00e1sky ve \u0161pan\u011bl\u0161tin\u011b<\/a> <a href=\"http:\/\/dumy.oasoslouny.cz\/wp-content\/uploads\/2025\/11\/3.2_33_02-Tazaci-zajmena-ve-spanelstine.doc\">3.2_33_02-T\u00e1zac\u00ed z\u00e1jmena ve \u0161pan\u011bl\u0161tin\u011b<\/a> <a href=\"http:\/\/dumy.oasoslouny.cz\/wp-content\/uploads\/2025\/11\/3.2_33_03-Zvratna-slovesa-ve-spanelstine.doc\">3.2_33_03-Zvratn\u00e1 slovesa ve \u0161pan\u011bl\u0161tin\u011b<\/a> <a href=\"http:\/\/dumy.oasoslouny.cz\/wp-content\/uploads\/2025\/11\/3.2_33_04-Vazba-ir-a-infinitiv-ve-spanelstine.doc\">3.2_33_04-Vazba ir + a + infinitiv ve \u0161pan\u011bl\u0161tin\u011b<\/a> <a href=\"http:\/\/dumy.oasoslouny.cz\/wp-content\/uploads\/2025\/11\/3.2_33_05-Gerundium-ve-spanelstine.doc\">3.2_33_05-Gerundium ve \u0161pan\u011bl\u0161tin\u011b<\/a> <a href=\"http:\/\/dumy.oasoslouny.cz\/wp-content\/uploads\/2025\/11\/3.2_33_06-Vyjadreni-slovesa-\u201ebyt-ve-spanelstine.doc\">3.2_33_06-Vyj\u00e1d\u0159en\u00ed slovesa \u201eb\u00fdt\u201c ve \u0161pan\u011bl\u0161tin\u011b<\/a> <a href=\"http:\/\/dumy.oasoslouny.cz\/wp-content\/uploads\/2025\/11\/3.2_33_07-Rozkazovaci-zpusob-ve-spanelstine.doc\">3.2_33_07-Rozkazovac\u00ed zp\u016fsob ve \u0161pan\u011bl\u0161tin\u011b<\/a> <a href=\"http:\/\/dumy.oasoslouny.cz\/wp-content\/uploads\/2025\/11\/3.2_33_08-Minuly-cas-jednoduchy-ve-spanelstine.doc\">3.2_33_08-Minul\u00fd \u010das jednoduch\u00fd ve \u0161pan\u011bl\u0161tin\u011b<\/a> <a href=\"http:\/\/dumy.oasoslouny.cz\/wp-content\/uploads\/2025\/11\/3.2_33_09-Vykani-ve-spanelstine.doc\">3.2_33_09-Vyk\u00e1n\u00ed ve \u0161pan\u011bl\u0161tin\u011b<\/a> <a href=\"http:\/\/dumy.oasoslouny.cz\/wp-content\/uploads\/2025\/11\/3.2_33_10-Spojka-si-v-podminkovych-vetach-ve-spanelstine.doc\">3.2_33_10-Spojka si v podm\u00ednkov\u00fdch v\u011bt\u00e1ch ve \u0161pan\u011bl\u0161tin\u011b<\/a> <a href=\"http:\/\/dumy.oasoslouny.cz\/wp-content\/uploads\/2025\/11\/3.2_33_11-Predlozky-para-por-ve-spanelstine.doc\">3.2_33_11-P\u0159edlo\u017eky para, por ve \u0161pan\u011bl\u0161tin\u011b<\/a> <a href=\"http:\/\/dumy.oasoslouny.cz\/wp-content\/uploads\/2025\/11\/3.2_33_12-Past-simple-x-past-continuous.doc\">3.2_33_12-Past simple x past continuous<\/a> <a href=\"http:\/\/dumy.oasoslouny.cz\/wp-content\/uploads\/2025\/11\/3.2_33_13-Present-perfect-x-past-simple.doc\">3.2_33_13-Present perfect x past simple<\/a> <a href=\"http:\/\/dumy.oasoslouny.cz\/wp-content\/uploads\/2025\/11\/3.2_33_14-Present-perfect-x-present.doc\">3.2_33_14-Present perfect x present<\/a> <a href=\"http:\/\/dumy.oasoslouny.cz\/wp-content\/uploads\/2025\/11\/3.2_33_15-Second-Conditionals.ppt\">3.2_33_15-Second Conditionals<\/a> <a href=\"http:\/\/dumy.oasoslouny.cz\/wp-content\/uploads\/2025\/11\/3.2_33_16-Wish-clauses.doc\">3.2_33_16-Wish clauses<\/a> <a href=\"http:\/\/dumy.oasoslouny.cz\/wp-content\/uploads\/2025\/11\/3.2_33_17-Past-perfect-x-past-simple.doc\">3.2_33_17-Past perfect x past simple<\/a> <a href=\"http:\/\/dumy.oasoslouny.cz\/wp-content\/uploads\/2025\/11\/3.2_33_18-The-passive.doc\">3.2_33_18-The passive<\/a> <a href=\"http:\/\/dumy.oasoslouny.cz\/wp-content\/uploads\/2025\/11\/3.2_33_19-The-passive-x-active.doc\">3.2_33_19-The passive x active<\/a> <a href=\"http:\/\/dumy.oasoslouny.cz\/wp-content\/uploads\/2025\/11\/3.2_33_20-Modals.doc\">3.2_33_20-Modals<\/a> <a href=\"http:\/\/dumy.oasoslouny.cz\/wp-content\/uploads\/2025\/11\/souhrnna-anotace-k-sade-33NP.doc\">souhrnn\u00e1 anotace k sad\u011b 33NP<\/a><\/p>\n","protected":false},"excerpt":{"rendered":"<p>3.2_33_01-Slovesa se zm\u011bnou kmenov\u00e9 samohl\u00e1sky ve \u0161pan\u011bl\u0161tin\u011b 3.2_33_02-T\u00e1zac\u00ed z\u00e1jmena ve \u0161pan\u011bl\u0161tin\u011b 3.2_33_03-Zvratn\u00e1 slovesa ve \u0161pan\u011bl\u0161tin\u011b 3.2_33_04-Vazba ir + a + infinitiv ve \u0161pan\u011bl\u0161tin\u011b 3.2_33_05-Gerundium ve \u0161pan\u011bl\u0161tin\u011b 3.2_33_06-Vyj\u00e1d\u0159en\u00ed slovesa \u201eb\u00fdt\u201c ve \u0161pan\u011bl\u0161tin\u011b 3.2_33_07-Rozkazovac\u00ed zp\u016fsob ve \u0161pan\u011bl\u0161tin\u011b 3.2_33_08-Minul\u00fd \u010das jednoduch\u00fd ve \u0161pan\u011bl\u0161tin\u011b 3.2_33_09-Vyk\u00e1n\u00ed ve \u0161pan\u011bl\u0161tin\u011b 3.2_33_10-Spojka si v podm\u00ednkov\u00fdch v\u011bt\u00e1ch ve \u0161pan\u011bl\u0161tin\u011b 3.2_33_11-P\u0159edlo\u017eky para, por ve \u0161pan\u011bl\u0161tin\u011b [&hellip;]<\/p>\n","protected":false},"author":2,"featured_media":0,"parent":0,"menu_order":0,"comment_status":"closed","ping_status":"closed","template":"","meta":{"footnotes":"","_links_to":"","_links_to_target":""},"class_list":["post-902","page","type-page","status-publish","hentry"],"_links":{"self":[{"href":"https:\/\/dumy.oasoslouny.cz\/index.php?rest_route=\/wp\/v2\/pages\/902","targetHints":{"allow":["GET"]}}],"collection":[{"href":"https:\/\/dumy.oasoslouny.cz\/index.php?rest_route=\/wp\/v2\/pages"}],"about":[{"href":"https:\/\/dumy.oasoslouny.cz\/index.php?rest_route=\/wp\/v2\/types\/page"}],"author":[{"embeddable":true,"href":"https:\/\/dumy.oasoslouny.cz\/index.php?rest_route=\/wp\/v2\/users\/2"}],"replies":[{"embeddable":true,"href":"https:\/\/dumy.oasoslouny.cz\/index.php?rest_route=%2Fwp%2Fv2%2Fcomments&post=902"}],"version-history":[{"count":1,"href":"https:\/\/dumy.oasoslouny.cz\/index.php?rest_route=\/wp\/v2\/pages\/902\/revisions"}],"predecessor-version":[{"id":924,"href":"https:\/\/dumy.oasoslouny.cz\/index.php?rest_route=\/wp\/v2\/pages\/902\/revisions\/924"}],"wp:attachment":[{"href":"https:\/\/dumy.oasoslouny.cz\/index.php?rest_route=%2Fwp%2Fv2%2Fmedia&parent=902"}],"curies":[{"name":"wp","href":"https:\/\/api.w.org\/{rel}","templated":true}]}}