{"id":879,"date":"2025-11-06T07:48:42","date_gmt":"2025-11-06T07:48:42","guid":{"rendered":"https:\/\/dumy.oasoslouny.cz\/?page_id=879"},"modified":"2025-11-06T07:48:42","modified_gmt":"2025-11-06T07:48:42","slug":"sada_32-cizojazycne-realie","status":"publish","type":"page","link":"https:\/\/dumy.oasoslouny.cz\/?page_id=879","title":{"rendered":"sada_32-Cizojazy\u010dn\u00e9 re\u00e1lie"},"content":{"rendered":"<p><a href=\"http:\/\/dumy.oasoslouny.cz\/wp-content\/uploads\/2025\/11\/3.2_32_01-Zajimavosti-Latinske-Ameriky.doc\">3.2_32_01-Zaj\u00edmavosti Latinsk\u00e9 Ameriky<\/a> <a href=\"http:\/\/dumy.oasoslouny.cz\/wp-content\/uploads\/2025\/11\/3.2_32_02-Vanoce-ve-Spanelsku.doc\">3.2_32_02-V\u00e1noce ve \u0160pan\u011blsku<\/a> <a href=\"http:\/\/dumy.oasoslouny.cz\/wp-content\/uploads\/2025\/11\/3.2_32_03-Machu-Picchu-\u2013-Ztracene-mesto-Inku.doc\">3.2_32_03-Machu Picchu \u2013 Ztracen\u00e9 m\u011bsto Ink\u016f<\/a> <a href=\"http:\/\/dumy.oasoslouny.cz\/wp-content\/uploads\/2025\/11\/3.2_32_04-Zivot-a-dilo-Isabely-Allende.doc\">3.2_32_04-\u017divot a d\u00edlo Isabely Allende<\/a> <a href=\"http:\/\/dumy.oasoslouny.cz\/wp-content\/uploads\/2025\/11\/3.2_32_05-Football-in-UK-USA-and-Australia.pptx\">3.2_32_05 Football in UK, USA and Australia<\/a> <a href=\"http:\/\/dumy.oasoslouny.cz\/wp-content\/uploads\/2025\/11\/3.2_32_06-My-school-my-subjects.ppt\">3.2_32_06-My school, my subjects<\/a> <a href=\"http:\/\/dumy.oasoslouny.cz\/wp-content\/uploads\/2025\/11\/3.2_32_07-Shopping-prices-payment.ppt\">3.2_32_07-Shopping &#8211; prices, payment<\/a> <a href=\"http:\/\/dumy.oasoslouny.cz\/wp-content\/uploads\/2025\/11\/3.2_32_08-Small-and-large-numbers.ppt\">3.2_32_08 Small and large numbers<\/a> <a href=\"http:\/\/dumy.oasoslouny.cz\/wp-content\/uploads\/2025\/11\/3.2_32_09-Weather-forecast.ppt\">3.2_32_09 Weather forecast<\/a> <a href=\"http:\/\/dumy.oasoslouny.cz\/wp-content\/uploads\/2025\/11\/3.2_32_10-Travelling-abroad.ppt\">3.2_32_10 Travelling abroad<\/a> <a href=\"http:\/\/dumy.oasoslouny.cz\/wp-content\/uploads\/2025\/11\/3.2_32_11-Prague-the-Royal-Route.ppt\">3.2_32_11 Prague &#8211; the Royal Route<\/a> <a href=\"http:\/\/dumy.oasoslouny.cz\/wp-content\/uploads\/2025\/11\/3.2_32_12-Revision-test-Washington-and-New-York.doc\">3.2_32_12 Revision test-Washington and New York<\/a> <a href=\"http:\/\/dumy.oasoslouny.cz\/wp-content\/uploads\/2025\/11\/3.2_32_13-How-do-you-know-London.ppt\">3.2_32_13 How do you know London<\/a> <a href=\"http:\/\/dumy.oasoslouny.cz\/wp-content\/uploads\/2025\/11\/3.2_32_14-USA-Quiz.ppt\">3.2_32_14 USA &#8211; Quiz<\/a> <a href=\"http:\/\/dumy.oasoslouny.cz\/wp-content\/uploads\/2025\/11\/3.2_32_15-Test-Everything-about-the-USA.ppt\">3.2_32_15 Test-Everything about the USA<\/a> <a href=\"http:\/\/dumy.oasoslouny.cz\/wp-content\/uploads\/2025\/11\/3.2_32_16-The-United-Kingdom-of-Great-Britain-and-Northern-Ireland.ppt\">3.2_32_16-The United Kingdom of Great Britain and Northern Ireland<\/a> <a href=\"http:\/\/dumy.oasoslouny.cz\/wp-content\/uploads\/2025\/11\/3.2_32_17-Faces-of-Prague.ppt\">3.2_32_17-Faces of Prague<\/a> <a href=\"http:\/\/dumy.oasoslouny.cz\/wp-content\/uploads\/2025\/11\/3.2_32_18-London-the-royal-city.doc\">3.2_32_18 London the royal city<\/a> <a href=\"http:\/\/dumy.oasoslouny.cz\/wp-content\/uploads\/2025\/11\/3.2_32_19-London-Historical-Place.doc\">3.2_32_19 London &#8211; Historical Place<\/a> <a href=\"http:\/\/dumy.oasoslouny.cz\/wp-content\/uploads\/2025\/11\/3.2_32_20-NY-Statue-of-Liberty.doc\">3.2_32_20 NY- Statue of Liberty<\/a> <a href=\"http:\/\/dumy.oasoslouny.cz\/wp-content\/uploads\/2025\/11\/souhrnna-anotace-k-sade-32NKKP.doc\">souhrnn\u00e1 anotace k sad\u011b 32NKKP<\/a><\/p>\n","protected":false},"excerpt":{"rendered":"<p>3.2_32_01-Zaj\u00edmavosti Latinsk\u00e9 Ameriky 3.2_32_02-V\u00e1noce ve \u0160pan\u011blsku 3.2_32_03-Machu Picchu \u2013 Ztracen\u00e9 m\u011bsto Ink\u016f 3.2_32_04-\u017divot a d\u00edlo Isabely Allende 3.2_32_05 Football in UK, USA and Australia 3.2_32_06-My school, my subjects 3.2_32_07-Shopping &#8211; prices, payment 3.2_32_08 Small and large numbers 3.2_32_09 Weather forecast 3.2_32_10 Travelling abroad 3.2_32_11 Prague &#8211; the Royal Route 3.2_32_12 Revision test-Washington and New York [&hellip;]<\/p>\n","protected":false},"author":2,"featured_media":0,"parent":0,"menu_order":0,"comment_status":"closed","ping_status":"closed","template":"","meta":{"footnotes":"","_links_to":"","_links_to_target":""},"class_list":["post-879","page","type-page","status-publish","hentry"],"_links":{"self":[{"href":"https:\/\/dumy.oasoslouny.cz\/index.php?rest_route=\/wp\/v2\/pages\/879","targetHints":{"allow":["GET"]}}],"collection":[{"href":"https:\/\/dumy.oasoslouny.cz\/index.php?rest_route=\/wp\/v2\/pages"}],"about":[{"href":"https:\/\/dumy.oasoslouny.cz\/index.php?rest_route=\/wp\/v2\/types\/page"}],"author":[{"embeddable":true,"href":"https:\/\/dumy.oasoslouny.cz\/index.php?rest_route=\/wp\/v2\/users\/2"}],"replies":[{"embeddable":true,"href":"https:\/\/dumy.oasoslouny.cz\/index.php?rest_route=%2Fwp%2Fv2%2Fcomments&post=879"}],"version-history":[{"count":1,"href":"https:\/\/dumy.oasoslouny.cz\/index.php?rest_route=\/wp\/v2\/pages\/879\/revisions"}],"predecessor-version":[{"id":901,"href":"https:\/\/dumy.oasoslouny.cz\/index.php?rest_route=\/wp\/v2\/pages\/879\/revisions\/901"}],"wp:attachment":[{"href":"https:\/\/dumy.oasoslouny.cz\/index.php?rest_route=%2Fwp%2Fv2%2Fmedia&parent=879"}],"curies":[{"name":"wp","href":"https:\/\/api.w.org\/{rel}","templated":true}]}}