{"id":785,"date":"2025-11-06T07:44:02","date_gmt":"2025-11-06T07:44:02","guid":{"rendered":"https:\/\/dumy.oasoslouny.cz\/?page_id=785"},"modified":"2025-11-06T07:44:02","modified_gmt":"2025-11-06T07:44:02","slug":"sada_28-informacni-a-komunikacni-technologie-i","status":"publish","type":"page","link":"https:\/\/dumy.oasoslouny.cz\/?page_id=785","title":{"rendered":"sada_28-Informa\u010dn\u00ed a komunika\u010dn\u00ed technologie I"},"content":{"rendered":"<p><a href=\"http:\/\/dumy.oasoslouny.cz\/wp-content\/uploads\/2025\/11\/3.2_28_01-Test_hardware.doc\">3.2_28_01-Test_hardware<\/a> <a href=\"http:\/\/dumy.oasoslouny.cz\/wp-content\/uploads\/2025\/11\/3.2_28_02-Informace-a-informatika.ppt\">3.2_28_02 Informace a informatika<\/a> <a href=\"http:\/\/dumy.oasoslouny.cz\/wp-content\/uploads\/2025\/11\/3.2_28_03-Historie-pocitacu.ppt\">3.2_28_03 Historie po\u010d\u00edta\u010d\u016f<\/a> <a href=\"http:\/\/dumy.oasoslouny.cz\/wp-content\/uploads\/2025\/11\/3.2_28_04-Blokove-schema-pocitace.ppt\">3.2_28_04 Blokov\u00e9 schema po\u010d\u00edta\u010de<\/a> <a href=\"http:\/\/dumy.oasoslouny.cz\/wp-content\/uploads\/2025\/11\/3.2_28_05-Architektura-pocitacu.ppt\">3.2_28_05 Architektura po\u010d\u00edta\u010d\u016f<\/a> <a href=\"http:\/\/dumy.oasoslouny.cz\/wp-content\/uploads\/2025\/11\/3.2_28_06-Zakladni-deska.ppt\">3.2_28_06 Z\u00e1kladn\u00ed deska<\/a> <a href=\"http:\/\/dumy.oasoslouny.cz\/wp-content\/uploads\/2025\/11\/3.2_28_07-Mikroprocesor.ppt\">3.2_28_07 Mikroprocesor<\/a> <a href=\"http:\/\/dumy.oasoslouny.cz\/wp-content\/uploads\/2025\/11\/3.2_28_08-Operacni-pamet.ppt\">3.2_28_08 Opera\u010dn\u00ed pam\u011b\u0165<\/a> <a href=\"http:\/\/dumy.oasoslouny.cz\/wp-content\/uploads\/2025\/11\/3.2_28_09-Pevny-disk.ppt\">3.2_28_09 Pevn\u00fd disk<\/a> <a href=\"http:\/\/dumy.oasoslouny.cz\/wp-content\/uploads\/2025\/11\/3.2_28_10-Prenosna-pametova-media.ppt\">3.2_28_10 P\u0159enosn\u00e1 pam\u011b\u0165ov\u00e1 m\u00e9dia<\/a> <a href=\"http:\/\/dumy.oasoslouny.cz\/wp-content\/uploads\/2025\/11\/3.2_28_11-Tiskarny.ppt\">3.2_28_11 Tisk\u00e1rny<\/a> <a href=\"http:\/\/dumy.oasoslouny.cz\/wp-content\/uploads\/2025\/11\/3.2_28_12-Vstupni-a-vystupni-zarizeni.ppt\">3.2_28_12 Vstupn\u00ed a v\u00fdstupn\u00ed za\u0159\u00edzen\u00ed<\/a> <a href=\"http:\/\/dumy.oasoslouny.cz\/wp-content\/uploads\/2025\/11\/3.2_28_13-Porty-karty.ppt\">3.2_28_13 Porty, karty<\/a> <a href=\"http:\/\/dumy.oasoslouny.cz\/wp-content\/uploads\/2025\/11\/3.2_28_14-Operacni-system.ppt\">3.2_28_14 Opera\u010dn\u00ed syst\u00e9m<\/a> <a href=\"http:\/\/dumy.oasoslouny.cz\/wp-content\/uploads\/2025\/11\/3.2_28_15-Souborovy-system.ppt\">3.2_28_15 Souborov\u00fd syst\u00e9m<\/a> <a href=\"http:\/\/dumy.oasoslouny.cz\/wp-content\/uploads\/2025\/11\/3.2_28_16-Test-software-site-viry-zadani.doc\">3.2_28_16 Test software, s\u00edt\u011b, viry (zad\u00e1n\u00ed)<\/a> <a href=\"http:\/\/dumy.oasoslouny.cz\/wp-content\/uploads\/2025\/11\/3.2_28_17-Software-a-zakony.ppt\">3.2_28_17 Software a z\u00e1kony<\/a> <a href=\"http:\/\/dumy.oasoslouny.cz\/wp-content\/uploads\/2025\/11\/3.2_28_18-Internet.ppt\">3.2_28_18 Internet<\/a> <a href=\"http:\/\/dumy.oasoslouny.cz\/wp-content\/uploads\/2025\/11\/3.2_28_19-Pocitacova-sit.ppt\">3.2_28_19 Po\u010d\u00edta\u010dov\u00e1 s\u00ed\u0165<\/a> <a href=\"http:\/\/dumy.oasoslouny.cz\/wp-content\/uploads\/2025\/11\/3.2_28_20-Zakerny-software.ppt\">3.2_28_20 Z\u00e1ke\u0159n\u00fd software<\/a> <a href=\"http:\/\/dumy.oasoslouny.cz\/wp-content\/uploads\/2025\/11\/souhrnna-anotace-k-sade-28PT.doc\">souhrnn\u00e1 anotace k sad\u011b 28PT<\/a><\/p>\n","protected":false},"excerpt":{"rendered":"<p>3.2_28_01-Test_hardware 3.2_28_02 Informace a informatika 3.2_28_03 Historie po\u010d\u00edta\u010d\u016f 3.2_28_04 Blokov\u00e9 schema po\u010d\u00edta\u010de 3.2_28_05 Architektura po\u010d\u00edta\u010d\u016f 3.2_28_06 Z\u00e1kladn\u00ed deska 3.2_28_07 Mikroprocesor 3.2_28_08 Opera\u010dn\u00ed pam\u011b\u0165 3.2_28_09 Pevn\u00fd disk 3.2_28_10 P\u0159enosn\u00e1 pam\u011b\u0165ov\u00e1 m\u00e9dia 3.2_28_11 Tisk\u00e1rny 3.2_28_12 Vstupn\u00ed a v\u00fdstupn\u00ed za\u0159\u00edzen\u00ed 3.2_28_13 Porty, karty 3.2_28_14 Opera\u010dn\u00ed syst\u00e9m 3.2_28_15 Souborov\u00fd syst\u00e9m 3.2_28_16 Test software, s\u00edt\u011b, viry (zad\u00e1n\u00ed) 3.2_28_17 Software a [&hellip;]<\/p>\n","protected":false},"author":2,"featured_media":0,"parent":0,"menu_order":0,"comment_status":"closed","ping_status":"closed","template":"","meta":{"footnotes":"","_links_to":"","_links_to_target":""},"class_list":["post-785","page","type-page","status-publish","hentry"],"_links":{"self":[{"href":"https:\/\/dumy.oasoslouny.cz\/index.php?rest_route=\/wp\/v2\/pages\/785","targetHints":{"allow":["GET"]}}],"collection":[{"href":"https:\/\/dumy.oasoslouny.cz\/index.php?rest_route=\/wp\/v2\/pages"}],"about":[{"href":"https:\/\/dumy.oasoslouny.cz\/index.php?rest_route=\/wp\/v2\/types\/page"}],"author":[{"embeddable":true,"href":"https:\/\/dumy.oasoslouny.cz\/index.php?rest_route=\/wp\/v2\/users\/2"}],"replies":[{"embeddable":true,"href":"https:\/\/dumy.oasoslouny.cz\/index.php?rest_route=%2Fwp%2Fv2%2Fcomments&post=785"}],"version-history":[{"count":1,"href":"https:\/\/dumy.oasoslouny.cz\/index.php?rest_route=\/wp\/v2\/pages\/785\/revisions"}],"predecessor-version":[{"id":807,"href":"https:\/\/dumy.oasoslouny.cz\/index.php?rest_route=\/wp\/v2\/pages\/785\/revisions\/807"}],"wp:attachment":[{"href":"https:\/\/dumy.oasoslouny.cz\/index.php?rest_route=%2Fwp%2Fv2%2Fmedia&parent=785"}],"curies":[{"name":"wp","href":"https:\/\/api.w.org\/{rel}","templated":true}]}}