{"id":77,"date":"2025-11-06T07:12:36","date_gmt":"2025-11-06T07:12:36","guid":{"rendered":"https:\/\/dumy.oasoslouny.cz\/?page_id=77"},"modified":"2025-11-06T13:45:48","modified_gmt":"2025-11-06T13:45:48","slug":"sada_02-anglicky-jazyk-ceska-republika-evropska-unie","status":"publish","type":"page","link":"https:\/\/dumy.oasoslouny.cz\/?page_id=77","title":{"rendered":"sada_02-Anglick\u00fd jazyk-\u010cesk\u00e1 republika-Evropsk\u00e1 unie"},"content":{"rendered":"<ul>\n<li><a href=\"http:\/\/dumy.oasoslouny.cz\/wp-content\/uploads\/2025\/11\/3.2_02_01-Milestones-of-the-Czech-history.doc\">3.2_02_01-Milestones of the Czech history<\/a><\/li>\n<li><a href=\"http:\/\/dumy.oasoslouny.cz\/wp-content\/uploads\/2025\/11\/3.2_02_02-The-Czech-Republic-basic-facts.doc\">3.2_02_02-The Czech Republic &#8211; basic facts<\/a><\/li>\n<li><a href=\"http:\/\/dumy.oasoslouny.cz\/wp-content\/uploads\/2025\/11\/3.2_02_03-The-Czech-national-holidays.doc\">3.2_02_03-The Czech national holidays<\/a><\/li>\n<li><a href=\"http:\/\/dumy.oasoslouny.cz\/wp-content\/uploads\/2025\/11\/3.2_02_04-The-Czech-customs-and-traditions.ppt\">3.2_02_04 The Czech customs and traditions<\/a><\/li>\n<li><a href=\"http:\/\/dumy.oasoslouny.cz\/wp-content\/uploads\/2025\/11\/3.2_02_05-The-political-system-of-CR.ppt\">3.2_02_05 The political system of CR<\/a><\/li>\n<li><a href=\"http:\/\/dumy.oasoslouny.cz\/wp-content\/uploads\/2025\/11\/3.2_02_06-Let\u00b4s-go-to-Prague.ppt\">3.2_02_06 Let\u00b4s go to Prague<\/a><\/li>\n<li><a href=\"http:\/\/dumy.oasoslouny.cz\/wp-content\/uploads\/2025\/11\/3.2_02_07-November-17.ppt\">3.2_02_07 November 17<\/a><\/li>\n<li><a href=\"http:\/\/dumy.oasoslouny.cz\/wp-content\/uploads\/2025\/11\/3.2_02_08-The-Czech-UNESCO-heritage.ppt\">3.2_02_08 The Czech UNESCO heritage<\/a><\/li>\n<li><a href=\"http:\/\/dumy.oasoslouny.cz\/wp-content\/uploads\/2025\/11\/3.2_02_09-Prague-The-Royal-Route.ppt\">3.2_02_09-Prague-The Royal Route<\/a><\/li>\n<li><a href=\"http:\/\/dumy.oasoslouny.cz\/wp-content\/uploads\/2025\/11\/3.2_02_10-Machovo-lake.ppt\">3.2_02_10 M\u00e1chovo lake<\/a><\/li>\n<li><a href=\"http:\/\/dumy.oasoslouny.cz\/wp-content\/uploads\/2025\/11\/3.2_02_11-The-Famous-Czechs.ppt\">3.2_02_11 The Famous Czechs<\/a><\/li>\n<li><a href=\"http:\/\/dumy.oasoslouny.cz\/wp-content\/uploads\/2025\/11\/3.2_02_12-The-Czech-education-system.ppt\">3.2_02_12 The Czech education system<\/a><\/li>\n<li><a href=\"http:\/\/dumy.oasoslouny.cz\/wp-content\/uploads\/2025\/11\/3.2_02_13-The-Czech-traditional-food.ppt\">3.2_02_13 The Czech traditional food<\/a><\/li>\n<li><a href=\"http:\/\/dumy.oasoslouny.cz\/wp-content\/uploads\/2025\/11\/3.2_02_14-European-Union.ppt\">3.2_02_14 European Union<\/a><\/li>\n<li><a href=\"http:\/\/dumy.oasoslouny.cz\/wp-content\/uploads\/2025\/11\/3.2_02_15-Institutions-of-European-Union.ppt\">3.2_02_15 Institutions of European Union<\/a><\/li>\n<li><a href=\"http:\/\/dumy.oasoslouny.cz\/wp-content\/uploads\/2025\/11\/3.2_02_16-General-test-of-CR.doc\">3.2_02_16 General test of CR<\/a><\/li>\n<li><a href=\"http:\/\/dumy.oasoslouny.cz\/wp-content\/uploads\/2025\/11\/3.2_02_17-True-false-test-of-EU.doc\">3.2_02_17 True false test of EU<\/a><\/li>\n<li><a href=\"http:\/\/dumy.oasoslouny.cz\/wp-content\/uploads\/2025\/11\/3.2_02_18-Louny.ppt\">3.2_02_18 Louny<\/a><\/li>\n<li><a href=\"http:\/\/dumy.oasoslouny.cz\/wp-content\/uploads\/2025\/11\/3.2_02_19-Louny-surroundings.ppt\">3.2_02_19 Louny surroundings<\/a><\/li>\n<li><a href=\"http:\/\/dumy.oasoslouny.cz\/wp-content\/uploads\/2025\/11\/3.2_02_20-General-test-of-Louny.doc\">3.2_02_20 General test of Louny<\/a><\/li>\n<li><a href=\"http:\/\/dumy.oasoslouny.cz\/wp-content\/uploads\/2025\/11\/souhrnna-anotace-k-sade-02ZI.doc\">souhrnn\u00e1 anotace k sad\u011b 02ZI<\/a><\/li>\n<\/ul>\n","protected":false},"excerpt":{"rendered":"<p>3.2_02_01-Milestones of the Czech history 3.2_02_02-The Czech Republic &#8211; basic facts 3.2_02_03-The Czech national holidays 3.2_02_04 The Czech customs and traditions 3.2_02_05 The political system of CR 3.2_02_06 Let\u00b4s go to Prague 3.2_02_07 November 17 3.2_02_08 The Czech UNESCO heritage 3.2_02_09-Prague-The Royal Route 3.2_02_10 M\u00e1chovo lake 3.2_02_11 The Famous Czechs 3.2_02_12 The Czech education system [&hellip;]<\/p>\n","protected":false},"author":2,"featured_media":0,"parent":0,"menu_order":0,"comment_status":"closed","ping_status":"closed","template":"","meta":{"footnotes":"","_links_to":"","_links_to_target":""},"class_list":["post-77","page","type-page","status-publish","hentry"],"_links":{"self":[{"href":"https:\/\/dumy.oasoslouny.cz\/index.php?rest_route=\/wp\/v2\/pages\/77","targetHints":{"allow":["GET"]}}],"collection":[{"href":"https:\/\/dumy.oasoslouny.cz\/index.php?rest_route=\/wp\/v2\/pages"}],"about":[{"href":"https:\/\/dumy.oasoslouny.cz\/index.php?rest_route=\/wp\/v2\/types\/page"}],"author":[{"embeddable":true,"href":"https:\/\/dumy.oasoslouny.cz\/index.php?rest_route=\/wp\/v2\/users\/2"}],"replies":[{"embeddable":true,"href":"https:\/\/dumy.oasoslouny.cz\/index.php?rest_route=%2Fwp%2Fv2%2Fcomments&post=77"}],"version-history":[{"count":2,"href":"https:\/\/dumy.oasoslouny.cz\/index.php?rest_route=\/wp\/v2\/pages\/77\/revisions"}],"predecessor-version":[{"id":1241,"href":"https:\/\/dumy.oasoslouny.cz\/index.php?rest_route=\/wp\/v2\/pages\/77\/revisions\/1241"}],"wp:attachment":[{"href":"https:\/\/dumy.oasoslouny.cz\/index.php?rest_route=%2Fwp%2Fv2%2Fmedia&parent=77"}],"curies":[{"name":"wp","href":"https:\/\/api.w.org\/{rel}","templated":true}]}}