{"id":736,"date":"2025-11-06T07:43:26","date_gmt":"2025-11-06T07:43:26","guid":{"rendered":"https:\/\/dumy.oasoslouny.cz\/?page_id=736"},"modified":"2025-11-06T07:43:26","modified_gmt":"2025-11-06T07:43:26","slug":"sada_27-odborne-kresleni","status":"publish","type":"page","link":"https:\/\/dumy.oasoslouny.cz\/?page_id=736","title":{"rendered":"sada_27-Odborn\u00e9 kreslen\u00ed"},"content":{"rendered":"<p><a href=\"http:\/\/dumy.oasoslouny.cz\/wp-content\/uploads\/2025\/11\/3.2_27_01-Odborne-kresleni-prezentace_1.pptx\">3.2_27_01, Odborn\u00e9 kreslen\u00ed, prezentace_1<\/a> <a href=\"http:\/\/dumy.oasoslouny.cz\/wp-content\/uploads\/2025\/11\/3.2_27_01-Pracovni-list-k-prezentaci.doc\">3.2_27_01, Pracovn\u00ed list k prezentaci<\/a> <a href=\"http:\/\/dumy.oasoslouny.cz\/wp-content\/uploads\/2025\/11\/3.2_27_02-Odborne-kresleni-prezentace_2.pptx\">3.2_27_02, Odborn\u00e9 kreslen\u00ed, prezentace_2<\/a> <a href=\"http:\/\/dumy.oasoslouny.cz\/wp-content\/uploads\/2025\/11\/3.2_27_02-Pracovni-list-k-prezentaci.doc\">3.2_27_02, Pracovn\u00ed list k prezentaci<\/a> <a href=\"http:\/\/dumy.oasoslouny.cz\/wp-content\/uploads\/2025\/11\/3.2_27_03-Odborne-kresleni-prezentace_3.pptx\">3.2_27_03, Odborn\u00e9 kreslen\u00ed, prezentace_3<\/a> <a href=\"http:\/\/dumy.oasoslouny.cz\/wp-content\/uploads\/2025\/11\/3.2_27_03-Pracovni-list-k-prezentaci.doc\">3.2_27_03, Pracovn\u00ed list k prezentaci<\/a> <a href=\"http:\/\/dumy.oasoslouny.cz\/wp-content\/uploads\/2025\/11\/3.2_27_04-Kresba-1123min.mov\">3.2_27_04, Kresba 11,23min.<\/a> <a href=\"http:\/\/dumy.oasoslouny.cz\/wp-content\/uploads\/2025\/11\/3.2_27_04-Kresba.avi\">3.2_27_04, Kresba<\/a> <a href=\"http:\/\/dumy.oasoslouny.cz\/wp-content\/uploads\/2025\/11\/3.2_27_04-Kresba-1133min.mov\">3.2_27_04, Kresba-11,33min.<\/a> <a href=\"http:\/\/dumy.oasoslouny.cz\/wp-content\/uploads\/2025\/11\/3.2_27_04-Odborne-kresleni-prezentace_4.pptx\">3.2_27_04, Odborn\u00e9 kreslen\u00ed, prezentace_4<\/a> <a href=\"http:\/\/dumy.oasoslouny.cz\/wp-content\/uploads\/2025\/11\/3.2_27_04-Pracovni-list-k-prezentaci.doc\">3.2_27_04, Pracovn\u00ed list k prezentaci<\/a> <a href=\"http:\/\/dumy.oasoslouny.cz\/wp-content\/uploads\/2025\/11\/3.2_27_05-Diplom-1034min.mov\">3.2_27_05, Diplom 10,34min.<\/a> <a href=\"http:\/\/dumy.oasoslouny.cz\/wp-content\/uploads\/2025\/11\/3.2_27_05-Odborne-kresleni-prezentace_5.pptx\">3.2_27_05, Odborn\u00e9 kreslen\u00ed, prezentace_5<\/a> <a href=\"http:\/\/dumy.oasoslouny.cz\/wp-content\/uploads\/2025\/11\/3.2_27_05-Pracovni-list-k-prezentaci.doc\">3.2_27_05, Pracovn\u00ed list k prezentaci<\/a> <a href=\"http:\/\/dumy.oasoslouny.cz\/wp-content\/uploads\/2025\/11\/3.2_27_06-Kresba-601min.mov\">3.2_27_06, Kresba 6,01min.<\/a> <a href=\"http:\/\/dumy.oasoslouny.cz\/wp-content\/uploads\/2025\/11\/3.2_27_06-Odborne-kresleni-prezentace_6.pptx\">3.2_27_06, Odborn\u00e9 kreslen\u00ed, prezentace_6<\/a> <a href=\"http:\/\/dumy.oasoslouny.cz\/wp-content\/uploads\/2025\/11\/3.2_27_06-Pracovni-list-k-prezentaci.doc\">3.2_27_06, Pracovn\u00ed list k prezentaci<\/a> <a href=\"http:\/\/dumy.oasoslouny.cz\/wp-content\/uploads\/2025\/11\/3.2_27_07-Odborne-kresleni-prezentace_7.pptx\">3.2_27_07, Odborn\u00e9 kreslen\u00ed, prezentace_7<\/a> <a href=\"http:\/\/dumy.oasoslouny.cz\/wp-content\/uploads\/2025\/11\/3.2_27_07-Pracovni-list-k-prezentaci.doc\">3.2_27_07, Pracovn\u00ed list k prezentaci<\/a> <a href=\"http:\/\/dumy.oasoslouny.cz\/wp-content\/uploads\/2025\/11\/3.2_27_08-Odborne-kresleni-prezentace_8.pptx\">3.2_27_08, Odborn\u00e9 kreslen\u00ed, prezentace_8<\/a> <a href=\"http:\/\/dumy.oasoslouny.cz\/wp-content\/uploads\/2025\/11\/3.2_27_08-Pracovni-list-k-prezentaci.doc\">3.2_27_08, Pracovn\u00ed list k prezentaci<\/a> <a href=\"http:\/\/dumy.oasoslouny.cz\/wp-content\/uploads\/2025\/11\/3.2_27_09-Odborne-kresleni-prezentace_9.pptx\">3.2_27_09, Odborn\u00e9 kreslen\u00ed, prezentace_9<\/a> <a href=\"http:\/\/dumy.oasoslouny.cz\/wp-content\/uploads\/2025\/11\/3.2_27_09-Pracovni-list-k-prezentaci.doc\">3.2_27_09, Pracovn\u00ed list k prezentaci<\/a> <a href=\"http:\/\/dumy.oasoslouny.cz\/wp-content\/uploads\/2025\/11\/3.2_27_10-Odborne-kresleni-prezentace_10.pptx\">3.2_27_10, Odborn\u00e9 kreslen\u00ed, prezentace_10<\/a> <a href=\"http:\/\/dumy.oasoslouny.cz\/wp-content\/uploads\/2025\/11\/3.2_27_10-Pracovni-list-k-prezentaci.doc\">3.2_27_10, Pracovn\u00ed list k prezentaci<\/a> <a href=\"http:\/\/dumy.oasoslouny.cz\/wp-content\/uploads\/2025\/11\/3.2_27_11-Odborne-kresleni-prezentace_11.pptx\">3.2_27_11, Odborn\u00e9 kreslen\u00ed, prezentace_11<\/a> <a href=\"http:\/\/dumy.oasoslouny.cz\/wp-content\/uploads\/2025\/11\/3.2_27_11-Pracovni-list-k-prezentaci.doc\">3.2_27_11, Pracovn\u00ed list k prezentaci<\/a> <a href=\"http:\/\/dumy.oasoslouny.cz\/wp-content\/uploads\/2025\/11\/3.2_27_12-Odborne-kresleni-prezentace_12.pptx\">3.2_27_12, Odborn\u00e9 kreslen\u00ed, prezentace_12<\/a> <a href=\"http:\/\/dumy.oasoslouny.cz\/wp-content\/uploads\/2025\/11\/3.2_27_12-Pracovni-list-k-prezentaci.doc\">3.2_27_12, Pracovn\u00ed list k prezentaci<\/a> <a href=\"http:\/\/dumy.oasoslouny.cz\/wp-content\/uploads\/2025\/11\/3.2_27_13-Odborne-kresleni-prezentace_13.pptx\">3.2_27_13, Odborn\u00e9 kreslen\u00ed, prezentace_13<\/a> <a href=\"http:\/\/dumy.oasoslouny.cz\/wp-content\/uploads\/2025\/11\/3.2_27_13-Pracovni-list-k-prezentaci.doc\">3.2_27_13, Pracovn\u00ed list k prezentaci<\/a> <a href=\"http:\/\/dumy.oasoslouny.cz\/wp-content\/uploads\/2025\/11\/3.2_27_14-Odborne-kresleni-prezentace_14.pptx\">3.2_27_14, Odborn\u00e9 kreslen\u00ed, prezentace_14<\/a> <a href=\"http:\/\/dumy.oasoslouny.cz\/wp-content\/uploads\/2025\/11\/3.2_27_14-Pracovni-list-k-prezentaci.doc\">3.2_27_14, Pracovn\u00ed list k prezentaci<\/a> <a href=\"http:\/\/dumy.oasoslouny.cz\/wp-content\/uploads\/2025\/11\/3.2_27_15-Odborne-kresleni-prezentace_15.pptx\">3.2_27_15, Odborn\u00e9 kreslen\u00ed, prezentace_15<\/a> <a href=\"http:\/\/dumy.oasoslouny.cz\/wp-content\/uploads\/2025\/11\/3.2_27_15-Pracovni-list-k-prezentaci.doc\">3.2_27_15, Pracovn\u00ed list k prezentaci<\/a> <a href=\"http:\/\/dumy.oasoslouny.cz\/wp-content\/uploads\/2025\/11\/3.2_27_16-Odborne-kresleni-prezentace_16.pptx\">3.2_27_16, Odborn\u00e9 kreslen\u00ed, prezentace_16<\/a> <a href=\"http:\/\/dumy.oasoslouny.cz\/wp-content\/uploads\/2025\/11\/3.2_27_16-Pracovni-list-1-k-prezentaci.doc\">3.2_27_16, Pracovn\u00ed list 1 k prezentaci<\/a> <a href=\"http:\/\/dumy.oasoslouny.cz\/wp-content\/uploads\/2025\/11\/3.2_27_16-Pracovni-list-2-k-prezentaci.doc\">3.2_27_16, Pracovn\u00ed list 2 k prezentaci<\/a> <a href=\"http:\/\/dumy.oasoslouny.cz\/wp-content\/uploads\/2025\/11\/3.2_27_17-Odborne-kresleni-prezentace_17.pptx\">3.2_27_17, Odborn\u00e9 kreslen\u00ed, prezentace_17<\/a> <a href=\"http:\/\/dumy.oasoslouny.cz\/wp-content\/uploads\/2025\/11\/3.2_27_17-Pracovni-list-k-prezentaci.doc\">3.2_27_17, Pracovn\u00ed list k prezentaci<\/a> <a href=\"http:\/\/dumy.oasoslouny.cz\/wp-content\/uploads\/2025\/11\/3.2_27_18-Odborne-kresleni-prezentace_18.pptx\">3.2_27_18, Odborn\u00e9 kreslen\u00ed, prezentace_18<\/a> <a href=\"http:\/\/dumy.oasoslouny.cz\/wp-content\/uploads\/2025\/11\/3.2_27_18-Pracovni-list-k-prezentaci.doc\">3.2_27_18, Pracovn\u00ed list k prezentaci<\/a> <a href=\"http:\/\/dumy.oasoslouny.cz\/wp-content\/uploads\/2025\/11\/3.2_27_19-Pracovni-list-k-prezentaci.doc\">3.2_27_19, Pracovn\u00ed list k prezentaci<\/a> <a href=\"http:\/\/dumy.oasoslouny.cz\/wp-content\/uploads\/2025\/11\/3.2_27_19_-Odborne-kresleni-prezentace_19.pptx\">3.2_27_19_ Odborn\u00e9 kreslen\u00ed, prezentace_19<\/a> <a href=\"http:\/\/dumy.oasoslouny.cz\/wp-content\/uploads\/2025\/11\/3.2_27_20-Pracovni-list-k-prezentaci.doc\">3.2_27_20, Pracovn\u00ed list k prezentaci<\/a> <a href=\"http:\/\/dumy.oasoslouny.cz\/wp-content\/uploads\/2025\/11\/3.2_27_20_Odborne-kresleni-prezentace_20.pptx\">3.2_27_20_Odborn\u00e9 kreslen\u00ed, prezentace_20<\/a> <a href=\"http:\/\/dumy.oasoslouny.cz\/wp-content\/uploads\/2025\/11\/souhrnna-anotace-k-sade-27KOD.doc\">souhrnn\u00e1 anotace k sad\u011b 27KOD<\/a><\/p>\n","protected":false},"excerpt":{"rendered":"<p>3.2_27_01, Odborn\u00e9 kreslen\u00ed, prezentace_1 3.2_27_01, Pracovn\u00ed list k prezentaci 3.2_27_02, Odborn\u00e9 kreslen\u00ed, prezentace_2 3.2_27_02, Pracovn\u00ed list k prezentaci 3.2_27_03, Odborn\u00e9 kreslen\u00ed, prezentace_3 3.2_27_03, Pracovn\u00ed list k prezentaci 3.2_27_04, Kresba 11,23min. 3.2_27_04, Kresba 3.2_27_04, Kresba-11,33min. 3.2_27_04, Odborn\u00e9 kreslen\u00ed, prezentace_4 3.2_27_04, Pracovn\u00ed list k prezentaci 3.2_27_05, Diplom 10,34min. 3.2_27_05, Odborn\u00e9 kreslen\u00ed, prezentace_5 3.2_27_05, Pracovn\u00ed list k prezentaci [&hellip;]<\/p>\n","protected":false},"author":2,"featured_media":0,"parent":0,"menu_order":0,"comment_status":"closed","ping_status":"closed","template":"","meta":{"footnotes":"","_links_to":"","_links_to_target":""},"class_list":["post-736","page","type-page","status-publish","hentry"],"_links":{"self":[{"href":"https:\/\/dumy.oasoslouny.cz\/index.php?rest_route=\/wp\/v2\/pages\/736","targetHints":{"allow":["GET"]}}],"collection":[{"href":"https:\/\/dumy.oasoslouny.cz\/index.php?rest_route=\/wp\/v2\/pages"}],"about":[{"href":"https:\/\/dumy.oasoslouny.cz\/index.php?rest_route=\/wp\/v2\/types\/page"}],"author":[{"embeddable":true,"href":"https:\/\/dumy.oasoslouny.cz\/index.php?rest_route=\/wp\/v2\/users\/2"}],"replies":[{"embeddable":true,"href":"https:\/\/dumy.oasoslouny.cz\/index.php?rest_route=%2Fwp%2Fv2%2Fcomments&post=736"}],"version-history":[{"count":1,"href":"https:\/\/dumy.oasoslouny.cz\/index.php?rest_route=\/wp\/v2\/pages\/736\/revisions"}],"predecessor-version":[{"id":784,"href":"https:\/\/dumy.oasoslouny.cz\/index.php?rest_route=\/wp\/v2\/pages\/736\/revisions\/784"}],"wp:attachment":[{"href":"https:\/\/dumy.oasoslouny.cz\/index.php?rest_route=%2Fwp%2Fv2%2Fmedia&parent=736"}],"curies":[{"name":"wp","href":"https:\/\/api.w.org\/{rel}","templated":true}]}}