{"id":688,"date":"2025-11-06T07:40:45","date_gmt":"2025-11-06T07:40:45","guid":{"rendered":"https:\/\/dumy.oasoslouny.cz\/?page_id=688"},"modified":"2025-11-06T07:40:45","modified_gmt":"2025-11-06T07:40:45","slug":"sada_26-aranzovani","status":"publish","type":"page","link":"https:\/\/dumy.oasoslouny.cz\/?page_id=688","title":{"rendered":"sada_26-Aran\u017eov\u00e1n\u00ed"},"content":{"rendered":"<p><a href=\"http:\/\/dumy.oasoslouny.cz\/wp-content\/uploads\/2025\/11\/3.2_26_01-Pracovni-list-1-k-prezentaci.doc\">3.2_26_01, Pracovn\u00ed list 1 k prezentaci<\/a> <a href=\"http:\/\/dumy.oasoslouny.cz\/wp-content\/uploads\/2025\/11\/3.2_26_01-Pracovni-list-2-k-prezentaci.doc\">3.2_26_01, Pracovn\u00ed list 2 k prezentaci<\/a> <a href=\"http:\/\/dumy.oasoslouny.cz\/wp-content\/uploads\/2025\/11\/3.2_26_01_Aranzovani-prezentace_1.pptx\">3.2_26_01_Aran\u017eov\u00e1n\u00ed, prezentace_1<\/a> <a href=\"http:\/\/dumy.oasoslouny.cz\/wp-content\/uploads\/2025\/11\/3.2_26_02-Aranzovani-prezentace_2.pptx\">3.2_26_02, Aran\u017eov\u00e1n\u00ed, prezentace_2<\/a> <a href=\"http:\/\/dumy.oasoslouny.cz\/wp-content\/uploads\/2025\/11\/3.2_26_02-Pracovni-list-1-k-prezentaci.doc\">3.2_26_02, Pracovn\u00ed list 1 k prezentaci<\/a> <a href=\"http:\/\/dumy.oasoslouny.cz\/wp-content\/uploads\/2025\/11\/3.2_26_02-Pracovni-list-2-k-prezentaci.doc\">3.2_26_02, Pracovn\u00ed list 2 k prezentaci<\/a> <a href=\"http:\/\/dumy.oasoslouny.cz\/wp-content\/uploads\/2025\/11\/3.2_26_02-Soubor-k-prezentaci.doc\">3.2_26_02, Soubor k prezentaci<\/a> <a href=\"http:\/\/dumy.oasoslouny.cz\/wp-content\/uploads\/2025\/11\/3.2_26_03-Pracovni-list-k-prezentaci.doc\">3.2_26_03, Pracovn\u00ed list k prezentaci<\/a> <a href=\"http:\/\/dumy.oasoslouny.cz\/wp-content\/uploads\/2025\/11\/3.2_26_03_Aranzovani-prezentace_3.pptx\">3.2_26_03_Aran\u017eov\u00e1n\u00ed, prezentace_3<\/a> <a href=\"http:\/\/dumy.oasoslouny.cz\/wp-content\/uploads\/2025\/11\/3.2_26_04-Pracovni-list-k-prezentaci.doc\">3.2_26_04, Pracovn\u00ed list k prezentaci<\/a> <a href=\"http:\/\/dumy.oasoslouny.cz\/wp-content\/uploads\/2025\/11\/3.2_26_04_Aranzovani-prezentace_4.pptx\">3.2_26_04_Aran\u017eov\u00e1n\u00ed, prezentace_4<\/a> <a href=\"http:\/\/dumy.oasoslouny.cz\/wp-content\/uploads\/2025\/11\/3.2_26_05-Pracovni-list-k-prezentaci.doc\">3.2_26_05, Pracovn\u00ed list k prezentaci<\/a> <a href=\"http:\/\/dumy.oasoslouny.cz\/wp-content\/uploads\/2025\/11\/3.2_26_05_Aranzovani-prezentace_5.pptx\">3.2_26_05_Aran\u017eov\u00e1n\u00ed, prezentace_5<\/a> <a href=\"http:\/\/dumy.oasoslouny.cz\/wp-content\/uploads\/2025\/11\/3.2_26_06-Pracovni-list-k-prezentaci.doc\">3.2_26_06, Pracovn\u00ed list k prezentaci<\/a> <a href=\"http:\/\/dumy.oasoslouny.cz\/wp-content\/uploads\/2025\/11\/3.2_26_06_Aranzovani-prezentace_6.pptx\">3.2_26_06_Aran\u017eov\u00e1n\u00ed, prezentace_6<\/a> <a href=\"http:\/\/dumy.oasoslouny.cz\/wp-content\/uploads\/2025\/11\/3.2_26_07-Pracovni-list-k-prezentaci.doc\">3.2_26_07, Pracovn\u00ed list k prezentaci<\/a> <a href=\"http:\/\/dumy.oasoslouny.cz\/wp-content\/uploads\/2025\/11\/3.2_26_07_Aranzovani-prezentace_7.pptx\">3.2_26_07_Aran\u017eov\u00e1n\u00ed, prezentace_7<\/a> <a href=\"http:\/\/dumy.oasoslouny.cz\/wp-content\/uploads\/2025\/11\/3.2_26_08-Pracovni-list-k-prezentaci.doc\">3.2_26_08, Pracovn\u00ed list k prezentaci<\/a> <a href=\"http:\/\/dumy.oasoslouny.cz\/wp-content\/uploads\/2025\/11\/3.2_26_08_Aranzovani-prezentace_8.pptx\">3.2_26_08_Aran\u017eov\u00e1n\u00ed, prezentace_8<\/a> <a href=\"http:\/\/dumy.oasoslouny.cz\/wp-content\/uploads\/2025\/11\/3.2_26_09-Pracovni-list-k-prezentaci.doc\">3.2_26_09, Pracovn\u00ed list k prezentaci<\/a> <a href=\"http:\/\/dumy.oasoslouny.cz\/wp-content\/uploads\/2025\/11\/3.2_26_09_Aranzovani-prezentace_9.pptx\">3.2_26_09_Aran\u017eov\u00e1n\u00ed, prezentace_9<\/a> <a href=\"http:\/\/dumy.oasoslouny.cz\/wp-content\/uploads\/2025\/11\/3.2_26_10-Aranzovani-prezentace_10.pptx\">3.2_26_10, Aran\u017eov\u00e1n\u00ed, prezentace_10<\/a> <a href=\"http:\/\/dumy.oasoslouny.cz\/wp-content\/uploads\/2025\/11\/3.2_26_10-Pracovni-list-k-prezentaci.doc\">3.2_26_10, Pracovn\u00ed list k prezentaci<\/a> <a href=\"http:\/\/dumy.oasoslouny.cz\/wp-content\/uploads\/2025\/11\/3.2_26_11-Aranzovani-prezentace_11.pptx\">3.2_26_11, Aran\u017eov\u00e1n\u00ed, prezentace_11<\/a> <a href=\"http:\/\/dumy.oasoslouny.cz\/wp-content\/uploads\/2025\/11\/3.2_26_11-Pracovni-list-k-prezentaci.doc\">3.2_26_11, Pracovn\u00ed list k prezentaci<\/a> <a href=\"http:\/\/dumy.oasoslouny.cz\/wp-content\/uploads\/2025\/11\/3.2_26_12-Pracovni-list-k-prezentaci.doc\">3.2_26_12, Pracovn\u00ed list k prezentaci<\/a> <a href=\"http:\/\/dumy.oasoslouny.cz\/wp-content\/uploads\/2025\/11\/3.2_26_12_Aranzovani-prezentace_12.pptx\">3.2_26_12_Aran\u017eov\u00e1n\u00ed, prezentace_12<\/a> <a href=\"http:\/\/dumy.oasoslouny.cz\/wp-content\/uploads\/2025\/11\/3.2_26_13-Pracovni-list-k-prezentaci.doc\">3.2_26_13, Pracovn\u00ed list k prezentaci<\/a> <a href=\"http:\/\/dumy.oasoslouny.cz\/wp-content\/uploads\/2025\/11\/3.2_26_13_Aranzovani-prezentace_13.pptx\">3.2_26_13_Aran\u017eov\u00e1n\u00ed, prezentace_13<\/a> <a href=\"http:\/\/dumy.oasoslouny.cz\/wp-content\/uploads\/2025\/11\/3.2_26_14-Aranzovani-prezentace_14.pptx\">3.2_26_14, Aran\u017eov\u00e1n\u00ed, prezentace_14<\/a> <a href=\"http:\/\/dumy.oasoslouny.cz\/wp-content\/uploads\/2025\/11\/3.2_26_14-Pracovni-list-k-prezentaci.doc\">3.2_26_14, Pracovn\u00ed list k prezentaci<\/a> <a href=\"http:\/\/dumy.oasoslouny.cz\/wp-content\/uploads\/2025\/11\/3.2_26_15-Pracovni-list-k-prezentaci.doc\">3.2_26_15, Pracovn\u00ed list k prezentaci<\/a> <a href=\"http:\/\/dumy.oasoslouny.cz\/wp-content\/uploads\/2025\/11\/3.2_26_15_Aranzovani-prezentace_15.pptx\">3.2_26_15_Aran\u017eov\u00e1n\u00ed, prezentace_15<\/a> <a href=\"http:\/\/dumy.oasoslouny.cz\/wp-content\/uploads\/2025\/11\/3.2_26_16-Pracovni-list-k-prezentaci.doc\">3.2_26_16, Pracovn\u00ed list k prezentaci<\/a> <a href=\"http:\/\/dumy.oasoslouny.cz\/wp-content\/uploads\/2025\/11\/3.2_26_16_Aranzovani-prezentace_16.pptx\">3.2_26_16_Aran\u017eov\u00e1n\u00ed, prezentace_16<\/a> <a href=\"http:\/\/dumy.oasoslouny.cz\/wp-content\/uploads\/2025\/11\/3.2_26_17-Pracovni-list-k-prezentaci.doc\">3.2_26_17, Pracovn\u00ed list k prezentaci<\/a> <a href=\"http:\/\/dumy.oasoslouny.cz\/wp-content\/uploads\/2025\/11\/3.2_26_17_Aranzovani-prezentace_17.pptx\">3.2_26_17_Aran\u017eov\u00e1n\u00ed, prezentace_17<\/a> <a href=\"http:\/\/dumy.oasoslouny.cz\/wp-content\/uploads\/2025\/11\/3.2_26_18-Pracovni-list-k-prezentaci.doc\">3.2_26_18, Pracovn\u00ed list k prezentaci<\/a> <a href=\"http:\/\/dumy.oasoslouny.cz\/wp-content\/uploads\/2025\/11\/3.2_26_18_Aranzovani-prezentace_18.pptx\">3.2_26_18_Aran\u017eov\u00e1n\u00ed, prezentace_18<\/a> <a href=\"http:\/\/dumy.oasoslouny.cz\/wp-content\/uploads\/2025\/11\/3.2_26_19-Pracovni-list-k-prezentaci.doc\">3.2_26_19, Pracovn\u00ed list k prezentaci<\/a> <a href=\"http:\/\/dumy.oasoslouny.cz\/wp-content\/uploads\/2025\/11\/3.2_26_19_Aranzovani-prezentace_19.pptx\">3.2_26_19_Aran\u017eov\u00e1n\u00ed, prezentace_19<\/a> <a href=\"http:\/\/dumy.oasoslouny.cz\/wp-content\/uploads\/2025\/11\/3.2_26_20-Pracovni-list-k-prezentaci.doc\">3.2_26_20, Pracovn\u00ed list k prezentaci<\/a> <a href=\"http:\/\/dumy.oasoslouny.cz\/wp-content\/uploads\/2025\/11\/3.2_26_20_Aranzovani-prezentace_20.pptx\">3.2_26_20_Aran\u017eov\u00e1n\u00ed, prezentace_20<\/a> <a href=\"http:\/\/dumy.oasoslouny.cz\/wp-content\/uploads\/2025\/11\/souhrnna-anotace-k-sade-26KOD.doc\">souhrnn\u00e1 anotace k sad\u011b 26KOD<\/a><\/p>\n","protected":false},"excerpt":{"rendered":"<p>3.2_26_01, Pracovn\u00ed list 1 k prezentaci 3.2_26_01, Pracovn\u00ed list 2 k prezentaci 3.2_26_01_Aran\u017eov\u00e1n\u00ed, prezentace_1 3.2_26_02, Aran\u017eov\u00e1n\u00ed, prezentace_2 3.2_26_02, Pracovn\u00ed list 1 k prezentaci 3.2_26_02, Pracovn\u00ed list 2 k prezentaci 3.2_26_02, Soubor k prezentaci 3.2_26_03, Pracovn\u00ed list k prezentaci 3.2_26_03_Aran\u017eov\u00e1n\u00ed, prezentace_3 3.2_26_04, Pracovn\u00ed list k prezentaci 3.2_26_04_Aran\u017eov\u00e1n\u00ed, prezentace_4 3.2_26_05, Pracovn\u00ed list k prezentaci 3.2_26_05_Aran\u017eov\u00e1n\u00ed, prezentace_5 3.2_26_06, [&hellip;]<\/p>\n","protected":false},"author":2,"featured_media":0,"parent":0,"menu_order":0,"comment_status":"closed","ping_status":"closed","template":"","meta":{"footnotes":"","_links_to":"","_links_to_target":""},"class_list":["post-688","page","type-page","status-publish","hentry"],"_links":{"self":[{"href":"https:\/\/dumy.oasoslouny.cz\/index.php?rest_route=\/wp\/v2\/pages\/688","targetHints":{"allow":["GET"]}}],"collection":[{"href":"https:\/\/dumy.oasoslouny.cz\/index.php?rest_route=\/wp\/v2\/pages"}],"about":[{"href":"https:\/\/dumy.oasoslouny.cz\/index.php?rest_route=\/wp\/v2\/types\/page"}],"author":[{"embeddable":true,"href":"https:\/\/dumy.oasoslouny.cz\/index.php?rest_route=\/wp\/v2\/users\/2"}],"replies":[{"embeddable":true,"href":"https:\/\/dumy.oasoslouny.cz\/index.php?rest_route=%2Fwp%2Fv2%2Fcomments&post=688"}],"version-history":[{"count":1,"href":"https:\/\/dumy.oasoslouny.cz\/index.php?rest_route=\/wp\/v2\/pages\/688\/revisions"}],"predecessor-version":[{"id":733,"href":"https:\/\/dumy.oasoslouny.cz\/index.php?rest_route=\/wp\/v2\/pages\/688\/revisions\/733"}],"wp:attachment":[{"href":"https:\/\/dumy.oasoslouny.cz\/index.php?rest_route=%2Fwp%2Fv2%2Fmedia&parent=688"}],"curies":[{"name":"wp","href":"https:\/\/api.w.org\/{rel}","templated":true}]}}