{"id":465,"date":"2025-11-06T07:30:38","date_gmt":"2025-11-06T07:30:38","guid":{"rendered":"https:\/\/dumy.oasoslouny.cz\/?page_id=465"},"modified":"2025-11-06T07:30:38","modified_gmt":"2025-11-06T07:30:38","slug":"sada_18-mechanika-2-r-pruznost-a-pevnost","status":"publish","type":"page","link":"https:\/\/dumy.oasoslouny.cz\/?page_id=465","title":{"rendered":"sada_18-Mechanika 2.r. \u2013 Pru\u017enost a pevnost"},"content":{"rendered":"<p><a href=\"http:\/\/dumy.oasoslouny.cz\/wp-content\/uploads\/2025\/11\/32_18_01-Druhy-namahani.ppt\">32_18_01-Druhy nam\u00e1h\u00e1n\u00ed<\/a> <a href=\"http:\/\/dumy.oasoslouny.cz\/wp-content\/uploads\/2025\/11\/32_18_02-Deformace-a-napeti-teplem.ppt\">32_18_02-Deformace a nap\u011bt\u00ed teplem<\/a> <a href=\"http:\/\/dumy.oasoslouny.cz\/wp-content\/uploads\/2025\/11\/32_18_03-Tenkostenne-nadoby-s-vnitrnim-pretlakem.ppt\">32_18_03-Tenkost\u011bnn\u00e9 n\u00e1doby s vnit\u0159n\u00edm p\u0159etlakem<\/a> <a href=\"http:\/\/dumy.oasoslouny.cz\/wp-content\/uploads\/2025\/11\/32_18_04-Namahani-prostym-smykem.ppt\">32_18_04-Nam\u00e1h\u00e1n\u00ed prost\u00fdm smykem<\/a> <a href=\"http:\/\/dumy.oasoslouny.cz\/wp-content\/uploads\/2025\/11\/32_18_05-Prurezove-moduly.ppt\">32_18_05-Pr\u016f\u0159ezov\u00e9 moduly<\/a> <a href=\"http:\/\/dumy.oasoslouny.cz\/wp-content\/uploads\/2025\/11\/32_18_06-Krut.ppt\">32_18_06-Krut<\/a> <a href=\"http:\/\/dumy.oasoslouny.cz\/wp-content\/uploads\/2025\/11\/32_18_07-Pruziny.ppt\">32_18_07-Pru\u017einy<\/a> <a href=\"http:\/\/dumy.oasoslouny.cz\/wp-content\/uploads\/2025\/11\/32_18_08-Nosniky.ppt\">32_18_08-Nosn\u00edky<\/a> <a href=\"http:\/\/dumy.oasoslouny.cz\/wp-content\/uploads\/2025\/11\/32_18_09-Druhy-zatizeni.ppt\">32_18_09-Druhy zat\u00ed\u017een\u00ed<\/a> <a href=\"http:\/\/dumy.oasoslouny.cz\/wp-content\/uploads\/2025\/11\/32_18_10-Normalove-sily.ppt\">32_18_10-Norm\u00e1lov\u00e9 s\u00edly<\/a> <a href=\"http:\/\/dumy.oasoslouny.cz\/wp-content\/uploads\/2025\/11\/32_18_11-Urceni-posouvajici-sily-ohyboveho-momentu.doc\">32_18_11-Ur\u010den\u00ed posouvaj\u00edc\u00ed s\u00edly, ohybov\u00e9ho momentu<\/a> <a href=\"http:\/\/dumy.oasoslouny.cz\/wp-content\/uploads\/2025\/11\/32_18_12-Posouvajici-sila-ohybovy-moment-graf.ppt\">32_18_12-Posouvaj\u00edc\u00ed s\u00edla, ohybov\u00fd moment &#8211; graf<\/a> <a href=\"http:\/\/dumy.oasoslouny.cz\/wp-content\/uploads\/2025\/11\/32_18_13-Graficke-urceni-posouvajici-sily-ohyboveho-momentu.doc\">32_18_13-Grafick\u00e9 ur\u010den\u00ed posouvaj\u00edc\u00ed s\u00edly, ohybov\u00e9ho momentu<\/a> <a href=\"http:\/\/dumy.oasoslouny.cz\/wp-content\/uploads\/2025\/11\/32_18_14-Slozena-namahani.ppt\">32_18_14-Slo\u017een\u00e1 nam\u00e1h\u00e1n\u00ed<\/a> <a href=\"http:\/\/dumy.oasoslouny.cz\/wp-content\/uploads\/2025\/11\/32_18_15-Mohrova-kruznice-napeti.ppt\">32_18_15-Mohrova kru\u017enice nap\u011bt\u00ed<\/a> <a href=\"http:\/\/dumy.oasoslouny.cz\/wp-content\/uploads\/2025\/11\/32_18_16-Mohrova-kruznice-priklady.doc\">32_18_16-Mohrova kru\u017enice- p\u0159\u00edklady<\/a> <a href=\"http:\/\/dumy.oasoslouny.cz\/wp-content\/uploads\/2025\/11\/32_18_17-Teorie-pevnosti.ppt\">32_18_17-Teorie pevnosti<\/a> <a href=\"http:\/\/dumy.oasoslouny.cz\/wp-content\/uploads\/2025\/11\/32_18_18-Kruhove-hridele.ppt\">32_18_18-Kruhov\u00e9 h\u0159\u00eddele<\/a> <a href=\"http:\/\/dumy.oasoslouny.cz\/wp-content\/uploads\/2025\/11\/32_18_19-Vzperna-pevnost.ppt\">32_18_19-Vzp\u011brn\u00e1 pevnost<\/a> <a href=\"http:\/\/dumy.oasoslouny.cz\/wp-content\/uploads\/2025\/11\/32_18_20-Druhy-cyklu.ppt\">32_18_20-Druhy cykl\u016f<\/a> <a href=\"http:\/\/dumy.oasoslouny.cz\/wp-content\/uploads\/2025\/11\/souhrnna-anotace-k-sade-18SOP.doc\">souhrnn\u00e1 anotace k sad\u011b 18SOP<\/a><\/p>\n","protected":false},"excerpt":{"rendered":"<p>32_18_01-Druhy nam\u00e1h\u00e1n\u00ed 32_18_02-Deformace a nap\u011bt\u00ed teplem 32_18_03-Tenkost\u011bnn\u00e9 n\u00e1doby s vnit\u0159n\u00edm p\u0159etlakem 32_18_04-Nam\u00e1h\u00e1n\u00ed prost\u00fdm smykem 32_18_05-Pr\u016f\u0159ezov\u00e9 moduly 32_18_06-Krut 32_18_07-Pru\u017einy 32_18_08-Nosn\u00edky 32_18_09-Druhy zat\u00ed\u017een\u00ed 32_18_10-Norm\u00e1lov\u00e9 s\u00edly 32_18_11-Ur\u010den\u00ed posouvaj\u00edc\u00ed s\u00edly, ohybov\u00e9ho momentu 32_18_12-Posouvaj\u00edc\u00ed s\u00edla, ohybov\u00fd moment &#8211; graf 32_18_13-Grafick\u00e9 ur\u010den\u00ed posouvaj\u00edc\u00ed s\u00edly, ohybov\u00e9ho momentu 32_18_14-Slo\u017een\u00e1 nam\u00e1h\u00e1n\u00ed 32_18_15-Mohrova kru\u017enice nap\u011bt\u00ed 32_18_16-Mohrova kru\u017enice- p\u0159\u00edklady 32_18_17-Teorie pevnosti 32_18_18-Kruhov\u00e9 h\u0159\u00eddele 32_18_19-Vzp\u011brn\u00e1 pevnost 32_18_20-Druhy [&hellip;]<\/p>\n","protected":false},"author":2,"featured_media":0,"parent":0,"menu_order":0,"comment_status":"closed","ping_status":"closed","template":"","meta":{"footnotes":"","_links_to":"","_links_to_target":""},"class_list":["post-465","page","type-page","status-publish","hentry"],"_links":{"self":[{"href":"https:\/\/dumy.oasoslouny.cz\/index.php?rest_route=\/wp\/v2\/pages\/465","targetHints":{"allow":["GET"]}}],"collection":[{"href":"https:\/\/dumy.oasoslouny.cz\/index.php?rest_route=\/wp\/v2\/pages"}],"about":[{"href":"https:\/\/dumy.oasoslouny.cz\/index.php?rest_route=\/wp\/v2\/types\/page"}],"author":[{"embeddable":true,"href":"https:\/\/dumy.oasoslouny.cz\/index.php?rest_route=\/wp\/v2\/users\/2"}],"replies":[{"embeddable":true,"href":"https:\/\/dumy.oasoslouny.cz\/index.php?rest_route=%2Fwp%2Fv2%2Fcomments&post=465"}],"version-history":[{"count":1,"href":"https:\/\/dumy.oasoslouny.cz\/index.php?rest_route=\/wp\/v2\/pages\/465\/revisions"}],"predecessor-version":[{"id":487,"href":"https:\/\/dumy.oasoslouny.cz\/index.php?rest_route=\/wp\/v2\/pages\/465\/revisions\/487"}],"wp:attachment":[{"href":"https:\/\/dumy.oasoslouny.cz\/index.php?rest_route=%2Fwp%2Fv2%2Fmedia&parent=465"}],"curies":[{"name":"wp","href":"https:\/\/api.w.org\/{rel}","templated":true}]}}