{"id":265,"date":"2025-11-06T07:19:38","date_gmt":"2025-11-06T07:19:38","guid":{"rendered":"https:\/\/dumy.oasoslouny.cz\/?page_id=265"},"modified":"2025-11-06T07:19:38","modified_gmt":"2025-11-06T07:19:38","slug":"sada_10-stavebni-technologie-1","status":"publish","type":"page","link":"https:\/\/dumy.oasoslouny.cz\/?page_id=265","title":{"rendered":"sada_10-Stavebn\u00ed technologie 1"},"content":{"rendered":"<p><a href=\"http:\/\/dumy.oasoslouny.cz\/wp-content\/uploads\/2025\/11\/3.2_10_16-Kamenne-zdivo_-Uvod.ppt\">3.2_10_16-Kamenn\u00e9 zdivo_ \u00davod<\/a> <a href=\"http:\/\/dumy.oasoslouny.cz\/wp-content\/uploads\/2025\/11\/3.2_10_17-Zdivo-z-lomoveho-kamene.ppt\">3.2_10_17-Zdivo z lomov\u00e9ho kamene<\/a> <a href=\"http:\/\/dumy.oasoslouny.cz\/wp-content\/uploads\/2025\/11\/3.2_10_18-Radkove-zdivo.ppt\">3.2_10_18-\u0158\u00e1dkov\u00e9 zdivo<\/a> <a href=\"http:\/\/dumy.oasoslouny.cz\/wp-content\/uploads\/2025\/11\/3.2_10_19-Kyklopske-zdivo-kvadrove-zdivo-gabiony-a-rovnanina-nasucho.ppt\">3.2_10_19-Kyklopsk\u00e9 zdivo, kv\u00e1drov\u00e9 zdivo, gabiony a rovnanina nasucho<\/a> <a href=\"http:\/\/dumy.oasoslouny.cz\/wp-content\/uploads\/2025\/11\/3.2_10_20-Kamenne-zdivo-Test.ppt\">3.2_10_20-Kamenn\u00e9 zdivo &#8211; Test<\/a> <a href=\"http:\/\/dumy.oasoslouny.cz\/wp-content\/uploads\/2025\/11\/souhrnna-anotace-k-sade-10BIL.doc\">souhrnn\u00e1 anotace k sad\u011b 10BIL<\/a><\/p>\n","protected":false},"excerpt":{"rendered":"<p>3.2_10_16-Kamenn\u00e9 zdivo_ \u00davod 3.2_10_17-Zdivo z lomov\u00e9ho kamene 3.2_10_18-\u0158\u00e1dkov\u00e9 zdivo 3.2_10_19-Kyklopsk\u00e9 zdivo, kv\u00e1drov\u00e9 zdivo, gabiony a rovnanina nasucho 3.2_10_20-Kamenn\u00e9 zdivo &#8211; Test souhrnn\u00e1 anotace k sad\u011b 10BIL<\/p>\n","protected":false},"author":2,"featured_media":0,"parent":0,"menu_order":0,"comment_status":"closed","ping_status":"closed","template":"","meta":{"footnotes":"","_links_to":"","_links_to_target":""},"class_list":["post-265","page","type-page","status-publish","hentry"],"_links":{"self":[{"href":"https:\/\/dumy.oasoslouny.cz\/index.php?rest_route=\/wp\/v2\/pages\/265","targetHints":{"allow":["GET"]}}],"collection":[{"href":"https:\/\/dumy.oasoslouny.cz\/index.php?rest_route=\/wp\/v2\/pages"}],"about":[{"href":"https:\/\/dumy.oasoslouny.cz\/index.php?rest_route=\/wp\/v2\/types\/page"}],"author":[{"embeddable":true,"href":"https:\/\/dumy.oasoslouny.cz\/index.php?rest_route=\/wp\/v2\/users\/2"}],"replies":[{"embeddable":true,"href":"https:\/\/dumy.oasoslouny.cz\/index.php?rest_route=%2Fwp%2Fv2%2Fcomments&post=265"}],"version-history":[{"count":1,"href":"https:\/\/dumy.oasoslouny.cz\/index.php?rest_route=\/wp\/v2\/pages\/265\/revisions"}],"predecessor-version":[{"id":272,"href":"https:\/\/dumy.oasoslouny.cz\/index.php?rest_route=\/wp\/v2\/pages\/265\/revisions\/272"}],"wp:attachment":[{"href":"https:\/\/dumy.oasoslouny.cz\/index.php?rest_route=%2Fwp%2Fv2%2Fmedia&parent=265"}],"curies":[{"name":"wp","href":"https:\/\/api.w.org\/{rel}","templated":true}]}}