{"id":243,"date":"2025-11-06T07:18:48","date_gmt":"2025-11-06T07:18:48","guid":{"rendered":"https:\/\/dumy.oasoslouny.cz\/?page_id=243"},"modified":"2025-11-06T11:06:19","modified_gmt":"2025-11-06T11:06:19","slug":"sada_09-cesky-jazyk-mluvnice","status":"publish","type":"page","link":"https:\/\/dumy.oasoslouny.cz\/?page_id=243","title":{"rendered":"sada_09-\u010cesk\u00fd jazyk &#8211; mluvnice"},"content":{"rendered":"<ul>\n<li><a href=\"http:\/\/dumy.oasoslouny.cz\/wp-content\/uploads\/2025\/11\/3.2_09_01-Podstatna-jmena.doc\">3.2_09_01-Podstatn\u00e1 jm\u00e9na<\/a><\/li>\n<li><a href=\"http:\/\/dumy.oasoslouny.cz\/wp-content\/uploads\/2025\/11\/3.2_09_02-Pridavna-jmena.doc\">3.2_09_02-P\u0159\u00eddavn\u00e1 jm\u00e9na<\/a><\/li>\n<li><a href=\"http:\/\/dumy.oasoslouny.cz\/wp-content\/uploads\/2025\/11\/3.2_09_03-Zajmena.doc\">3.2_09_03-Z\u00e1jmena<\/a><\/li>\n<li><a href=\"http:\/\/dumy.oasoslouny.cz\/wp-content\/uploads\/2025\/11\/3.2_09_04-Cislovky.doc\">3.2_09_04-\u010c\u00edslovky<\/a><\/li>\n<li><a href=\"http:\/\/dumy.oasoslouny.cz\/wp-content\/uploads\/2025\/11\/3.2_09_05-Slovesa.doc\">3.2_09_05-Slovesa<\/a><\/li>\n<li><a href=\"http:\/\/dumy.oasoslouny.cz\/wp-content\/uploads\/2025\/11\/3.2_09_06-Prislovce.doc\">3.2_09_06-P\u0159\u00edslovce<\/a><\/li>\n<li><a href=\"http:\/\/dumy.oasoslouny.cz\/wp-content\/uploads\/2025\/11\/3.2_09_07-Predlozky.doc\">3.2_09_07-P\u0159edlo\u017eky<\/a><\/li>\n<li><a href=\"http:\/\/dumy.oasoslouny.cz\/wp-content\/uploads\/2025\/11\/3.2_09_08-Spojky.doc\">3.2_09_08-Spojky<\/a><\/li>\n<li><a href=\"http:\/\/dumy.oasoslouny.cz\/wp-content\/uploads\/2025\/11\/3.2_09_09-Castice.doc\">3.2_09_09-\u010c\u00e1stice<\/a><\/li>\n<li><a href=\"http:\/\/dumy.oasoslouny.cz\/wp-content\/uploads\/2025\/11\/3.2_09_10-Citoslovce.doc\">3.2_09_10-Citoslovce<\/a><\/li>\n<li><a href=\"http:\/\/dumy.oasoslouny.cz\/wp-content\/uploads\/2025\/11\/3.2_09_11-Slovni-druhy.ppt\">3.2_09_11-Slovn\u00ed druhy<\/a><\/li>\n<li><a href=\"http:\/\/dumy.oasoslouny.cz\/wp-content\/uploads\/2025\/11\/3.2_09_12-Vyvoj-spisovne-cestiny.ppt\">3.2_09_12-V\u00fdvoj spisovn\u00e9 \u010de\u0161tiny<\/a><\/li>\n<li><a href=\"http:\/\/dumy.oasoslouny.cz\/wp-content\/uploads\/2025\/11\/3.2_09_14-Obohacovani-slovni-zasoby.ppt\">3.2_09_14-Obohacov\u00e1n\u00ed slovn\u00ed z\u00e1soby<\/a><\/li>\n<li><a href=\"http:\/\/dumy.oasoslouny.cz\/wp-content\/uploads\/2025\/11\/3.2_09_15-Uredni-dopis.doc\">3.2_09_15-\u00da\u0159edn\u00ed dopis<\/a><\/li>\n<li><a href=\"http:\/\/dumy.oasoslouny.cz\/wp-content\/uploads\/2025\/11\/3.2_09_16-Motivacni-dopis.doc\">3.2_09_16-Motiva\u010dn\u00ed dopis<\/a><\/li>\n<li><a href=\"http:\/\/dumy.oasoslouny.cz\/wp-content\/uploads\/2025\/11\/3.2_09_17-Zivotopis.doc\">3.2_09_17-\u017divotopis<\/a><\/li>\n<li><a href=\"http:\/\/dumy.oasoslouny.cz\/wp-content\/uploads\/2025\/11\/3.2_09_18-Zapis-z-jednani.doc\">3.2_09_18-Z\u00e1pis z jedn\u00e1n\u00ed<\/a><\/li>\n<li><a href=\"http:\/\/dumy.oasoslouny.cz\/wp-content\/uploads\/2025\/11\/3.2_09_19-Smlouvy.ppt\">3.2_09_19-Smlouvy<\/a><\/li>\n<li><a href=\"http:\/\/dumy.oasoslouny.cz\/wp-content\/uploads\/2025\/11\/3.2_09_20-Drobne-utvary-admin.-stylu.ppt\">3.2_09_20-Drobn\u00e9 \u00fatvary admin. stylu<\/a><\/li>\n<li><a href=\"http:\/\/dumy.oasoslouny.cz\/wp-content\/uploads\/2025\/11\/souhrnna-anotace-k-sade-09KAR.doc\">souhrnn\u00e1 anotace k sad\u011b 09KAR<\/a><\/li>\n<\/ul>\n","protected":false},"excerpt":{"rendered":"<p>3.2_09_01-Podstatn\u00e1 jm\u00e9na 3.2_09_02-P\u0159\u00eddavn\u00e1 jm\u00e9na 3.2_09_03-Z\u00e1jmena 3.2_09_04-\u010c\u00edslovky 3.2_09_05-Slovesa 3.2_09_06-P\u0159\u00edslovce 3.2_09_07-P\u0159edlo\u017eky 3.2_09_08-Spojky 3.2_09_09-\u010c\u00e1stice 3.2_09_10-Citoslovce 3.2_09_11-Slovn\u00ed druhy 3.2_09_12-V\u00fdvoj spisovn\u00e9 \u010de\u0161tiny 3.2_09_14-Obohacov\u00e1n\u00ed slovn\u00ed z\u00e1soby 3.2_09_15-\u00da\u0159edn\u00ed dopis 3.2_09_16-Motiva\u010dn\u00ed dopis 3.2_09_17-\u017divotopis 3.2_09_18-Z\u00e1pis z jedn\u00e1n\u00ed 3.2_09_19-Smlouvy 3.2_09_20-Drobn\u00e9 \u00fatvary admin. stylu souhrnn\u00e1 anotace k sad\u011b 09KAR<\/p>\n","protected":false},"author":2,"featured_media":0,"parent":0,"menu_order":0,"comment_status":"closed","ping_status":"closed","template":"","meta":{"footnotes":"","_links_to":"","_links_to_target":""},"class_list":["post-243","page","type-page","status-publish","hentry"],"_links":{"self":[{"href":"https:\/\/dumy.oasoslouny.cz\/index.php?rest_route=\/wp\/v2\/pages\/243","targetHints":{"allow":["GET"]}}],"collection":[{"href":"https:\/\/dumy.oasoslouny.cz\/index.php?rest_route=\/wp\/v2\/pages"}],"about":[{"href":"https:\/\/dumy.oasoslouny.cz\/index.php?rest_route=\/wp\/v2\/types\/page"}],"author":[{"embeddable":true,"href":"https:\/\/dumy.oasoslouny.cz\/index.php?rest_route=\/wp\/v2\/users\/2"}],"replies":[{"embeddable":true,"href":"https:\/\/dumy.oasoslouny.cz\/index.php?rest_route=%2Fwp%2Fv2%2Fcomments&post=243"}],"version-history":[{"count":2,"href":"https:\/\/dumy.oasoslouny.cz\/index.php?rest_route=\/wp\/v2\/pages\/243\/revisions"}],"predecessor-version":[{"id":1236,"href":"https:\/\/dumy.oasoslouny.cz\/index.php?rest_route=\/wp\/v2\/pages\/243\/revisions\/1236"}],"wp:attachment":[{"href":"https:\/\/dumy.oasoslouny.cz\/index.php?rest_route=%2Fwp%2Fv2%2Fmedia&parent=243"}],"curies":[{"name":"wp","href":"https:\/\/api.w.org\/{rel}","templated":true}]}}