{"id":1075,"date":"2025-11-06T08:00:23","date_gmt":"2025-11-06T08:00:23","guid":{"rendered":"https:\/\/dumy.oasoslouny.cz\/?page_id=1075"},"modified":"2025-11-06T08:00:23","modified_gmt":"2025-11-06T08:00:23","slug":"sada_40-spolecenske-vedy","status":"publish","type":"page","link":"https:\/\/dumy.oasoslouny.cz\/?page_id=1075","title":{"rendered":"sada_40-Spole\u010densk\u00e9 v\u011bdy"},"content":{"rendered":"<p><a href=\"http:\/\/dumy.oasoslouny.cz\/wp-content\/uploads\/2025\/11\/3.2_40_01-Ceska-republika-Pracovni-list.doc\">3.2_40_01 \u010cesk\u00e1 republika &#8211; Pracovn\u00ed list<\/a> <a href=\"http:\/\/dumy.oasoslouny.cz\/wp-content\/uploads\/2025\/11\/3.2_40_02-Prehled-filozofickych-smeru-I.-Pracovni-list.doc\">3.2_40_02-P\u0159ehled filozofick\u00fdch sm\u011br\u016f I. &#8211; Pracovn\u00ed list<\/a> <a href=\"http:\/\/dumy.oasoslouny.cz\/wp-content\/uploads\/2025\/11\/3.2_40_03-Prehled-filozofickych-smeru-II.-Pracovni-list.doc\">3.2_40_03-P\u0159ehled filozofick\u00fdch sm\u011br\u016f II. &#8211; Pracovn\u00ed list<\/a> <a href=\"http:\/\/dumy.oasoslouny.cz\/wp-content\/uploads\/2025\/11\/3.2_40_04-Svetova-nabozenstvi-Pracovni-list.doc\">3.2_40_04 Sv\u011btov\u00e1 n\u00e1bo\u017eenstv\u00ed &#8211; Pracovn\u00ed list<\/a> <a href=\"http:\/\/dumy.oasoslouny.cz\/wp-content\/uploads\/2025\/11\/3.2_40_05-Test-z-filozofie.doc\">3.2_40_05 Test z filozofie<\/a> <a href=\"http:\/\/dumy.oasoslouny.cz\/wp-content\/uploads\/2025\/11\/3.2_40_06-Mezinarodni-organizace-test.doc\">3.2_40_06 Mezin\u00e1rodn\u00ed organizace &#8211; test<\/a> <a href=\"http:\/\/dumy.oasoslouny.cz\/wp-content\/uploads\/2025\/11\/3.2_40_07-Psychologicke-vedy-test.doc\">3.2_40_07 Psychologick\u00e9 v\u011bdy &#8211; test<\/a> <a href=\"http:\/\/dumy.oasoslouny.cz\/wp-content\/uploads\/2025\/11\/3.2_40_08-Osobnost-cloveka-test.doc\">3.2_40_08 Osobnost \u010dlov\u011bka &#8211; test<\/a> <a href=\"http:\/\/dumy.oasoslouny.cz\/wp-content\/uploads\/2025\/11\/3.2_40_09-Proces-socializace-test.doc\">3.2_40_09 Proces socializace- test<\/a> <a href=\"http:\/\/dumy.oasoslouny.cz\/wp-content\/uploads\/2025\/11\/3.2_40_10-Psychicke-jevy-test.doc\">3.2_40_10 Psychick\u00e9 jevy &#8211; test<\/a> <a href=\"http:\/\/dumy.oasoslouny.cz\/wp-content\/uploads\/2025\/11\/3.2_40_11-Psychicke-vlsstnosti-test.doc\">3.2_40_11 Psychick\u00e9 vlsstnosti &#8211; test<\/a> <a href=\"http:\/\/dumy.oasoslouny.cz\/wp-content\/uploads\/2025\/11\/3.2_40_12-Psychicke-procesy-osobnosti-test.doc\">3.2_40_12 Psychick\u00e9 procesy osobnosti &#8211; test<\/a> <a href=\"http:\/\/dumy.oasoslouny.cz\/wp-content\/uploads\/2025\/11\/3.2_40_13-Psychicke-stavy-test.doc\">3.2_40_13 Psychick\u00e9 stavy &#8211; test<\/a> <a href=\"http:\/\/dumy.oasoslouny.cz\/wp-content\/uploads\/2025\/11\/3.2_40_14-Dusevni-hygiena-dusevni-poruchy-te.doc\">3.2_40_14 Du\u0161evn\u00ed hygiena, du\u0161evn\u00ed poruchy &#8211; te<\/a> <a href=\"http:\/\/dumy.oasoslouny.cz\/wp-content\/uploads\/2025\/11\/3.2_40_15-Pracovni-list-Politologie.doc\">3.2_40_15 Pracovn\u00ed list &#8211; Politologie<\/a> <a href=\"http:\/\/dumy.oasoslouny.cz\/wp-content\/uploads\/2025\/11\/3.2_40_16-Psychologicke-vedy-vyklad.ppt\">3.2_40_16 Psychologick\u00e9 v\u011bdy-v\u00fdklad<\/a> <a href=\"http:\/\/dumy.oasoslouny.cz\/wp-content\/uploads\/2025\/11\/3.2_40_17-Psychicke-jevy-vyukovy-material.ppt\">3.2_40_17 Psychick\u00e9 jevy, v\u00fdukov\u00fd materi\u00e1l<\/a> <a href=\"http:\/\/dumy.oasoslouny.cz\/wp-content\/uploads\/2025\/11\/3.2_40_18-Dusevni-hygiena.ppt\">3.2_40_18 Du\u0161evn\u00ed hygiena<\/a> <a href=\"http:\/\/dumy.oasoslouny.cz\/wp-content\/uploads\/2025\/11\/3.2_40_19-Soc.-stratifikace-a-mobilita-vyukovy-material.ppt\">3.2_40_19 Soc. stratifikace a mobilita &#8211; v\u00fdukov\u00fd materi\u00e1l<\/a> <a href=\"http:\/\/dumy.oasoslouny.cz\/wp-content\/uploads\/2025\/11\/3.2_40_20-Psychicke-stavy-pozornost-vyklad.ppt\">3.2_40_20 Psychick\u00e9 stavy-pozornost &#8211; v\u00fdklad<\/a> <a href=\"http:\/\/dumy.oasoslouny.cz\/wp-content\/uploads\/2025\/11\/souhrnna-anotace-k-sade-40ZB.doc\">souhrnn\u00e1 anotace k sad\u011b 40ZB<\/a><\/p>\n","protected":false},"excerpt":{"rendered":"<p>3.2_40_01 \u010cesk\u00e1 republika &#8211; Pracovn\u00ed list 3.2_40_02-P\u0159ehled filozofick\u00fdch sm\u011br\u016f I. &#8211; Pracovn\u00ed list 3.2_40_03-P\u0159ehled filozofick\u00fdch sm\u011br\u016f II. &#8211; Pracovn\u00ed list 3.2_40_04 Sv\u011btov\u00e1 n\u00e1bo\u017eenstv\u00ed &#8211; Pracovn\u00ed list 3.2_40_05 Test z filozofie 3.2_40_06 Mezin\u00e1rodn\u00ed organizace &#8211; test 3.2_40_07 Psychologick\u00e9 v\u011bdy &#8211; test 3.2_40_08 Osobnost \u010dlov\u011bka &#8211; test 3.2_40_09 Proces socializace- test 3.2_40_10 Psychick\u00e9 jevy &#8211; test 3.2_40_11 [&hellip;]<\/p>\n","protected":false},"author":2,"featured_media":0,"parent":0,"menu_order":0,"comment_status":"closed","ping_status":"closed","template":"","meta":{"footnotes":"","_links_to":"","_links_to_target":""},"class_list":["post-1075","page","type-page","status-publish","hentry"],"_links":{"self":[{"href":"https:\/\/dumy.oasoslouny.cz\/index.php?rest_route=\/wp\/v2\/pages\/1075","targetHints":{"allow":["GET"]}}],"collection":[{"href":"https:\/\/dumy.oasoslouny.cz\/index.php?rest_route=\/wp\/v2\/pages"}],"about":[{"href":"https:\/\/dumy.oasoslouny.cz\/index.php?rest_route=\/wp\/v2\/types\/page"}],"author":[{"embeddable":true,"href":"https:\/\/dumy.oasoslouny.cz\/index.php?rest_route=\/wp\/v2\/users\/2"}],"replies":[{"embeddable":true,"href":"https:\/\/dumy.oasoslouny.cz\/index.php?rest_route=%2Fwp%2Fv2%2Fcomments&post=1075"}],"version-history":[{"count":1,"href":"https:\/\/dumy.oasoslouny.cz\/index.php?rest_route=\/wp\/v2\/pages\/1075\/revisions"}],"predecessor-version":[{"id":1097,"href":"https:\/\/dumy.oasoslouny.cz\/index.php?rest_route=\/wp\/v2\/pages\/1075\/revisions\/1097"}],"wp:attachment":[{"href":"https:\/\/dumy.oasoslouny.cz\/index.php?rest_route=%2Fwp%2Fv2%2Fmedia&parent=1075"}],"curies":[{"name":"wp","href":"https:\/\/api.w.org\/{rel}","templated":true}]}}