{"id":1022,"date":"2025-11-06T07:58:39","date_gmt":"2025-11-06T07:58:39","guid":{"rendered":"https:\/\/dumy.oasoslouny.cz\/?page_id=1022"},"modified":"2025-11-06T07:58:39","modified_gmt":"2025-11-06T07:58:39","slug":"sada_38-jazyk-a-frazeologie-v-pisemne-komunikaci","status":"publish","type":"page","link":"https:\/\/dumy.oasoslouny.cz\/?page_id=1022","title":{"rendered":"sada_38-Jazyk a frazeologie v p\u00edsemn\u00e9 komunikaci"},"content":{"rendered":"<p><a href=\"http:\/\/dumy.oasoslouny.cz\/wp-content\/uploads\/2025\/11\/3.2_38_01-Stylizace-obchodniho-dopisu-test.doc\">3.2_38_01 Stylizace obchodn\u00edho dopisu &#8211; test<\/a> <a href=\"http:\/\/dumy.oasoslouny.cz\/wp-content\/uploads\/2025\/11\/3.2_38_02-Stylizacni-nedostatky-v-obchodni-korespondenci.doc\">3.2_38_02 Styliza\u010dn\u00ed nedostatky v obchodn\u00ed korespondenci<\/a> <a href=\"http:\/\/dumy.oasoslouny.cz\/wp-content\/uploads\/2025\/11\/3.2_38_03-Synonyma-v-obchodni-korespondenci.doc\">3.2_38_03 Synonyma v obchodn\u00ed korespondenci<\/a> <a href=\"http:\/\/dumy.oasoslouny.cz\/wp-content\/uploads\/2025\/11\/3.2_38_04-Spravne-reseni.doc\">3.2_38_04 Spr\u00e1vn\u00e9 \u0159e\u0161en\u00ed<\/a> <a href=\"http:\/\/dumy.oasoslouny.cz\/wp-content\/uploads\/2025\/11\/3.2_38_04-Stylizace-obchodniho-dopisu-se-sloupcovymi-odvolacimi-udaji.doc\">3.2_38_04 Stylizace obchodn\u00edho dopisu se sloupcov\u00fdmi odvolac\u00edmi \u00fadaji<\/a> <a href=\"http:\/\/dumy.oasoslouny.cz\/wp-content\/uploads\/2025\/11\/3.2_38_05-Spravne-reseni.doc\">3.2_38_05 Spr\u00e1vn\u00e9 \u0159e\u0161en\u00ed<\/a> <a href=\"http:\/\/dumy.oasoslouny.cz\/wp-content\/uploads\/2025\/11\/3.2_38_05-Stylizace-obchodniho-dopisu-s-radkovymi-odvolacimi-udaji.doc\">3.2_38_05 Stylizace obchodn\u00edho dopisu s \u0159\u00e1dkov\u00fdmi odvolac\u00edmi \u00fadaji<\/a> <a href=\"http:\/\/dumy.oasoslouny.cz\/wp-content\/uploads\/2025\/11\/3.2_38_06-Prstova-cviceni-I.-\u2013-nacvik-hmatove-metody.ppt\">3.2_38_06 Prstov\u00e1 cvi\u010den\u00ed I. \u2013 n\u00e1cvik hmatov\u00e9 metody<\/a> <a href=\"http:\/\/dumy.oasoslouny.cz\/wp-content\/uploads\/2025\/11\/3.2_38_07-Prstova-cviceni-II.-\u2013-zvlastnosti-ceskeho-jazyka.ppt\">3.2_38_07 Prstov\u00e1 cvi\u010den\u00ed II. \u2013 zvl\u00e1\u0161tnosti \u010desk\u00e9ho jazyka<\/a> <a href=\"http:\/\/dumy.oasoslouny.cz\/wp-content\/uploads\/2025\/11\/3.2_38_08-Prstova-cviceni-III.-\u2013-zpestreni-vyuky-ciselne-rady.ppt\">3.2_38_08 Prstov\u00e1 cvi\u010den\u00ed III. \u2013 zpest\u0159en\u00ed v\u00fduky \u010d\u00edseln\u00e9 \u0159ady<\/a> <a href=\"http:\/\/dumy.oasoslouny.cz\/wp-content\/uploads\/2025\/11\/3.2_38_09-Interpunkce-v-obchodni-korespondenci.ppt\">3.2_38_09 Interpunkce v obchodn\u00ed korespondenci<\/a> <a href=\"http:\/\/dumy.oasoslouny.cz\/wp-content\/uploads\/2025\/11\/3.2_38_10-Podminovaci-zpusob-v-obchodni-korespondenci.ppt\">3.2_38_10 Podmi\u0148ovac\u00ed zp\u016fsob v obchodn\u00ed korespondenci<\/a> <a href=\"http:\/\/dumy.oasoslouny.cz\/wp-content\/uploads\/2025\/11\/3.2_38_11-Osloveni.doc\">3.2_38_11 Osloven\u00ed<\/a> <a href=\"http:\/\/dumy.oasoslouny.cz\/wp-content\/uploads\/2025\/11\/3.2_38_12-Uvod-dopisu-ustalena-spojeni.doc\">3.2_38_12 \u00davod dopisu &#8211; ust\u00e1len\u00e1 spojen\u00ed<\/a> <a href=\"http:\/\/dumy.oasoslouny.cz\/wp-content\/uploads\/2025\/11\/3.2_38_12-Uvod-dopisu-ustalena-spojeni.ppt\">3.2_38_12 \u00davod dopisu &#8211; ust\u00e1len\u00e1 spojen\u00ed<\/a> <a href=\"http:\/\/dumy.oasoslouny.cz\/wp-content\/uploads\/2025\/11\/3.2_38_13-Zaver-dopisu-ustalena-spojeni.doc\">3.2_38_13 Z\u00e1v\u011br dopisu &#8211; ust\u00e1len\u00e1 spojen\u00ed<\/a> <a href=\"http:\/\/dumy.oasoslouny.cz\/wp-content\/uploads\/2025\/11\/3.2_38_13-Zaver-dopisu-ustalena-spojeni.ppt\">3.2_38_13 Z\u00e1v\u011br dopisu &#8211; ust\u00e1len\u00e1 spojen\u00ed<\/a> <a href=\"http:\/\/dumy.oasoslouny.cz\/wp-content\/uploads\/2025\/11\/3.2_38_14-Logika-vet.doc\">3.2_38_14 Logika v\u011bt<\/a> <a href=\"http:\/\/dumy.oasoslouny.cz\/wp-content\/uploads\/2025\/11\/3.2_38_15-Jasnost-a-prehlednost-stylizace.doc\">3.2_38_15 Jasnost a p\u0159ehlednost stylizace<\/a> <a href=\"http:\/\/dumy.oasoslouny.cz\/wp-content\/uploads\/2025\/11\/3.2_38_16-Obchodni-smlouvy.ppt\">3.2_38_16 Obchodn\u00ed smlouvy<\/a> <a href=\"http:\/\/dumy.oasoslouny.cz\/wp-content\/uploads\/2025\/11\/3.2_38_17-Stavba-osobniho-dopisu.doc\">3.2_38_17 Stavba osobn\u00edho dopisu<\/a> <a href=\"http:\/\/dumy.oasoslouny.cz\/wp-content\/uploads\/2025\/11\/3.2_38_17-Stavba-osobniho-dopisu.ppt\">3.2_38_17 Stavba osobn\u00edho dopisu<\/a> <a href=\"http:\/\/dumy.oasoslouny.cz\/wp-content\/uploads\/2025\/11\/3.2_38_18-Pestrost-stylizace.doc\">3.2_38_18 Pestrost stylizace<\/a> <a href=\"http:\/\/dumy.oasoslouny.cz\/wp-content\/uploads\/2025\/11\/3.2_38_19-Strucnost-stylizace.doc\">3.2_38_19 Stru\u010dnost stylizace<\/a> <a href=\"http:\/\/dumy.oasoslouny.cz\/wp-content\/uploads\/2025\/11\/3.2_38_20-Bezne-slovni-obraty.ppt\">3.2_38_20 B\u011b\u017en\u00e9 slovn\u00ed obraty<\/a> <a href=\"http:\/\/dumy.oasoslouny.cz\/wp-content\/uploads\/2025\/11\/souhrnna-anotace-k-sade-38KB.doc\">souhrnn\u00e1 anotace k sad\u011b 38KB<\/a><\/p>\n","protected":false},"excerpt":{"rendered":"<p>3.2_38_01 Stylizace obchodn\u00edho dopisu &#8211; test 3.2_38_02 Styliza\u010dn\u00ed nedostatky v obchodn\u00ed korespondenci 3.2_38_03 Synonyma v obchodn\u00ed korespondenci 3.2_38_04 Spr\u00e1vn\u00e9 \u0159e\u0161en\u00ed 3.2_38_04 Stylizace obchodn\u00edho dopisu se sloupcov\u00fdmi odvolac\u00edmi \u00fadaji 3.2_38_05 Spr\u00e1vn\u00e9 \u0159e\u0161en\u00ed 3.2_38_05 Stylizace obchodn\u00edho dopisu s \u0159\u00e1dkov\u00fdmi odvolac\u00edmi \u00fadaji 3.2_38_06 Prstov\u00e1 cvi\u010den\u00ed I. \u2013 n\u00e1cvik hmatov\u00e9 metody 3.2_38_07 Prstov\u00e1 cvi\u010den\u00ed II. \u2013 zvl\u00e1\u0161tnosti \u010desk\u00e9ho jazyka [&hellip;]<\/p>\n","protected":false},"author":2,"featured_media":0,"parent":0,"menu_order":0,"comment_status":"closed","ping_status":"closed","template":"","meta":{"footnotes":"","_links_to":"","_links_to_target":""},"class_list":["post-1022","page","type-page","status-publish","hentry"],"_links":{"self":[{"href":"https:\/\/dumy.oasoslouny.cz\/index.php?rest_route=\/wp\/v2\/pages\/1022","targetHints":{"allow":["GET"]}}],"collection":[{"href":"https:\/\/dumy.oasoslouny.cz\/index.php?rest_route=\/wp\/v2\/pages"}],"about":[{"href":"https:\/\/dumy.oasoslouny.cz\/index.php?rest_route=\/wp\/v2\/types\/page"}],"author":[{"embeddable":true,"href":"https:\/\/dumy.oasoslouny.cz\/index.php?rest_route=\/wp\/v2\/users\/2"}],"replies":[{"embeddable":true,"href":"https:\/\/dumy.oasoslouny.cz\/index.php?rest_route=%2Fwp%2Fv2%2Fcomments&post=1022"}],"version-history":[{"count":1,"href":"https:\/\/dumy.oasoslouny.cz\/index.php?rest_route=\/wp\/v2\/pages\/1022\/revisions"}],"predecessor-version":[{"id":1049,"href":"https:\/\/dumy.oasoslouny.cz\/index.php?rest_route=\/wp\/v2\/pages\/1022\/revisions\/1049"}],"wp:attachment":[{"href":"https:\/\/dumy.oasoslouny.cz\/index.php?rest_route=%2Fwp%2Fv2%2Fmedia&parent=1022"}],"curies":[{"name":"wp","href":"https:\/\/api.w.org\/{rel}","templated":true}]}}